{"id":929,"date":"2021-10-13T14:40:14","date_gmt":"2021-10-13T13:40:14","guid":{"rendered":"https:\/\/www.sweetestsaffron.co.uk\/startseite\/"},"modified":"2023-03-29T09:45:58","modified_gmt":"2023-03-29T08:45:58","slug":"startseite","status":"publish","type":"page","link":"https:\/\/www.sweetestsaffron.co.uk\/de\/","title":{"rendered":"Startseite"},"content":{"rendered":"","protected":false},"excerpt":{"rendered":"","protected":false},"author":1,"featured_media":0,"parent":0,"menu_order":0,"comment_status":"closed","ping_status":"closed","template":"","meta":{"_acf_changed":false,"footnotes":""},"class_list":["post-929","page","type-page","status-publish","hentry"],"acf":[],"yoast_head":"<!-- This site is optimized with the Yoast SEO plugin v26.7 - https:\/\/yoast.com\/wordpress\/plugins\/seo\/ -->\n<title>Startseite - SweetestSaffron<\/title>\n<meta name=\"description\" content=\"SweetestSaffron ist ein Unternehmen, dem Sie vertrauen k\u00f6nnen, da es der einzige autorisierte Verk\u00e4ufer von authentischen LifeCell-Produkten in Gro\u00dfbritannien ist. Besuchen Sie unsere Website!\" \/>\n<meta name=\"robots\" content=\"index, follow, max-snippet:-1, max-image-preview:large, max-video-preview:-1\" \/>\n<link rel=\"canonical\" href=\"https:\/\/www.sweetestsaffron.co.uk\/de\/\" \/>\n<meta property=\"og:locale\" content=\"de_DE\" \/>\n<meta property=\"og:type\" content=\"article\" \/>\n<meta property=\"og:title\" content=\"Startseite - SweetestSaffron\" \/>\n<meta property=\"og:description\" content=\"SweetestSaffron ist ein Unternehmen, dem Sie vertrauen k\u00f6nnen, da es der einzige autorisierte Verk\u00e4ufer von authentischen LifeCell-Produkten in Gro\u00dfbritannien ist. Besuchen Sie unsere Website!\" \/>\n<meta property=\"og:url\" content=\"https:\/\/www.sweetestsaffron.co.uk\/de\/\" \/>\n<meta property=\"og:site_name\" content=\"SweetestSaffron\" \/>\n<meta property=\"article:modified_time\" content=\"2023-03-29T08:45:58+00:00\" \/>\n<meta name=\"twitter:card\" content=\"summary_large_image\" \/>\n<script type=\"application\/ld+json\" class=\"yoast-schema-graph\">{\"@context\":\"https:\/\/schema.org\",\"@graph\":[{\"@type\":\"WebPage\",\"@id\":\"https:\/\/www.sweetestsaffron.co.uk\/de\/\",\"url\":\"https:\/\/www.sweetestsaffron.co.uk\/de\/\",\"name\":\"Startseite - SweetestSaffron\",\"isPartOf\":{\"@id\":\"https:\/\/www.sweetestsaffron.co.uk\/de\/#website\"},\"datePublished\":\"2021-10-13T13:40:14+00:00\",\"dateModified\":\"2023-03-29T08:45:58+00:00\",\"description\":\"SweetestSaffron ist ein Unternehmen, dem Sie vertrauen k\u00f6nnen, da es der einzige autorisierte Verk\u00e4ufer von authentischen LifeCell-Produkten in Gro\u00dfbritannien ist. Besuchen Sie unsere Website!\",\"breadcrumb\":{\"@id\":\"https:\/\/www.sweetestsaffron.co.uk\/de\/#breadcrumb\"},\"inLanguage\":\"de\",\"potentialAction\":[{\"@type\":\"ReadAction\",\"target\":[\"https:\/\/www.sweetestsaffron.co.uk\/de\/\"]}]},{\"@type\":\"BreadcrumbList\",\"@id\":\"https:\/\/www.sweetestsaffron.co.uk\/de\/#breadcrumb\",\"itemListElement\":[{\"@type\":\"ListItem\",\"position\":1,\"name\":\"Home\",\"item\":\"https:\/\/www.sweetestsaffron.co.uk\/de\/\"},{\"@type\":\"ListItem\",\"position\":2,\"name\":\"Startseite\"}]},{\"@type\":\"WebSite\",\"@id\":\"https:\/\/www.sweetestsaffron.co.uk\/de\/#website\",\"url\":\"https:\/\/www.sweetestsaffron.co.uk\/de\/\",\"name\":\"SweetestSaffron\",\"description\":\"Skincare,, Health Supplements &amp; HYPO21\",\"potentialAction\":[{\"@type\":\"SearchAction\",\"target\":{\"@type\":\"EntryPoint\",\"urlTemplate\":\"https:\/\/www.sweetestsaffron.co.uk\/de\/?s={search_term_string}\"},\"query-input\":{\"@type\":\"PropertyValueSpecification\",\"valueRequired\":true,\"valueName\":\"search_term_string\"}}],\"inLanguage\":\"de\"}]}<\/script>\n<!-- \/ Yoast SEO plugin. -->","yoast_head_json":{"title":"Startseite - SweetestSaffron","description":"SweetestSaffron ist ein Unternehmen, dem Sie vertrauen k\u00f6nnen, da es der einzige autorisierte Verk\u00e4ufer von authentischen LifeCell-Produkten in Gro\u00dfbritannien ist. Besuchen Sie unsere Website!","robots":{"index":"index","follow":"follow","max-snippet":"max-snippet:-1","max-image-preview":"max-image-preview:large","max-video-preview":"max-video-preview:-1"},"canonical":"https:\/\/www.sweetestsaffron.co.uk\/de\/","og_locale":"de_DE","og_type":"article","og_title":"Startseite - SweetestSaffron","og_description":"SweetestSaffron ist ein Unternehmen, dem Sie vertrauen k\u00f6nnen, da es der einzige autorisierte Verk\u00e4ufer von authentischen LifeCell-Produkten in Gro\u00dfbritannien ist. Besuchen Sie unsere Website!","og_url":"https:\/\/www.sweetestsaffron.co.uk\/de\/","og_site_name":"SweetestSaffron","article_modified_time":"2023-03-29T08:45:58+00:00","twitter_card":"summary_large_image","schema":{"@context":"https:\/\/schema.org","@graph":[{"@type":"WebPage","@id":"https:\/\/www.sweetestsaffron.co.uk\/de\/","url":"https:\/\/www.sweetestsaffron.co.uk\/de\/","name":"Startseite - SweetestSaffron","isPartOf":{"@id":"https:\/\/www.sweetestsaffron.co.uk\/de\/#website"},"datePublished":"2021-10-13T13:40:14+00:00","dateModified":"2023-03-29T08:45:58+00:00","description":"SweetestSaffron ist ein Unternehmen, dem Sie vertrauen k\u00f6nnen, da es der einzige autorisierte Verk\u00e4ufer von authentischen LifeCell-Produkten in Gro\u00dfbritannien ist. Besuchen Sie unsere Website!","breadcrumb":{"@id":"https:\/\/www.sweetestsaffron.co.uk\/de\/#breadcrumb"},"inLanguage":"de","potentialAction":[{"@type":"ReadAction","target":["https:\/\/www.sweetestsaffron.co.uk\/de\/"]}]},{"@type":"BreadcrumbList","@id":"https:\/\/www.sweetestsaffron.co.uk\/de\/#breadcrumb","itemListElement":[{"@type":"ListItem","position":1,"name":"Home","item":"https:\/\/www.sweetestsaffron.co.uk\/de\/"},{"@type":"ListItem","position":2,"name":"Startseite"}]},{"@type":"WebSite","@id":"https:\/\/www.sweetestsaffron.co.uk\/de\/#website","url":"https:\/\/www.sweetestsaffron.co.uk\/de\/","name":"SweetestSaffron","description":"Skincare,, Health Supplements &amp; HYPO21","potentialAction":[{"@type":"SearchAction","target":{"@type":"EntryPoint","urlTemplate":"https:\/\/www.sweetestsaffron.co.uk\/de\/?s={search_term_string}"},"query-input":{"@type":"PropertyValueSpecification","valueRequired":true,"valueName":"search_term_string"}}],"inLanguage":"de"}]}},"_links":{"self":[{"href":"https:\/\/www.sweetestsaffron.co.uk\/de\/wp-json\/wp\/v2\/pages\/929","targetHints":{"allow":["GET"]}}],"collection":[{"href":"https:\/\/www.sweetestsaffron.co.uk\/de\/wp-json\/wp\/v2\/pages"}],"about":[{"href":"https:\/\/www.sweetestsaffron.co.uk\/de\/wp-json\/wp\/v2\/types\/page"}],"author":[{"embeddable":true,"href":"https:\/\/www.sweetestsaffron.co.uk\/de\/wp-json\/wp\/v2\/users\/1"}],"replies":[{"embeddable":true,"href":"https:\/\/www.sweetestsaffron.co.uk\/de\/wp-json\/wp\/v2\/comments?post=929"}],"version-history":[{"count":4,"href":"https:\/\/www.sweetestsaffron.co.uk\/de\/wp-json\/wp\/v2\/pages\/929\/revisions"}],"predecessor-version":[{"id":1557,"href":"https:\/\/www.sweetestsaffron.co.uk\/de\/wp-json\/wp\/v2\/pages\/929\/revisions\/1557"}],"wp:attachment":[{"href":"https:\/\/www.sweetestsaffron.co.uk\/de\/wp-json\/wp\/v2\/media?parent=929"}],"curies":[{"name":"wp","href":"https:\/\/api.w.org\/{rel}","templated":true}]}}