{"id":1132,"date":"2022-08-15T11:39:59","date_gmt":"2022-08-15T10:39:59","guid":{"rendered":"https:\/\/www.sweetestsaffron.co.uk\/product\/lifecell-haarwiederherstellungssystem-fuer-frauen-und-maenner\/"},"modified":"2022-12-07T16:21:40","modified_gmt":"2022-12-07T16:21:40","slug":"lifecell-haarwiederherstellungssystem-fuer-frauen-und-maenner","status":"publish","type":"product","link":"https:\/\/www.sweetestsaffron.co.uk\/de\/produkt\/lifecell-haarwiederherstellungssystem-fuer-frauen-und-maenner\/","title":{"rendered":"LifeCell Haarwiederherstellungssystem f\u00fcr Frauen und M\u00e4nner"},"content":{"rendered":"<h5><strong>VOLLERES HAAR IN 3 SCHRITTEN<\/strong><\/h5>\n<p>&nbsp;<\/p>\n<p><strong>Schritt 1: St\u00e4rken (Anti-DHT Shampoo)<br \/>\n<\/strong>Die Basis von LifeCell Anti-DHT Shampoo l\u00e4sst das Haar gl\u00e4nzender, dicker und voller aussehen. Verbessert das Volumen und die Textur des Haares in nur zwei Wochen.<\/p>\n<p>Anti-DHT-Shampoo verhindert das Schrumpfen der Haarfollikel<\/p>\n<p>&nbsp;<\/p>\n<p><strong>Schritt 2: Nourish (Hair Thickening Conditioner)<br \/>\n<\/strong>LifeCell Hair Thickening Conditioner versorgt das Haar mit Feuchtigkeit, st\u00e4rkt den Haarschaft und verleiht ihm Volumen und Glanz: f\u00fcr dickeres und ges\u00fcnder aussehendes Haar, ohne es zu beschweren.<\/p>\n<p>&nbsp;<\/p>\n<p><strong>Schritt 3: Nachwachsen (Haarwiederherstellungssystem)<br \/>\n<\/strong>Das LifeCell-Haarwiederherstellungssystem f\u00f6rdert den Blutfluss zu den Haarfollikeln. Dies vergr\u00f6\u00dfert die Follikel und den Durchmesser des Haarschafts, wodurch das Haarwachstum stimuliert und verl\u00e4ngert wird.<\/p>\n<p>Das LifeCell Hair Restoration System enth\u00e4lt den ersten und einzigen FDA-zugelassenen Wirkstoff, der das Nachwachsen von Haaren unterst\u00fctzt. Mit mehr als 20 Jahren Erfahrung und zahlreichen klinischen Studien ist es nach wie vor die von Dermatologen empfohlene Nummer 1 bei der Behandlung von Haarwuchs.<\/p>\n<p>&nbsp;<\/p>\n<h5><strong>Wie LifeCell funktioniert<\/strong><\/h5>\n<p>Nicht viele Menschen wissen, dass DHT eine der Hauptursachen f\u00fcr Haarausfall ist. DHT ist ein Hormon, das sich an die Rezeptoren der Haarfollikel bindet. Durch die Bindung wird das Haar geschw\u00e4cht und stirbt ab. Das bedeutet, dass kein neues Haar produziert wird.<\/p>\n<p>LifeCell Anti-DHT Shampoo enth\u00e4lt drei spezifische Komponenten, die in wissenschaftlichen Studien gezeigt haben, dass sie die Wirkung von DHT oder Dihydrotestosteron &#8211; einem Hauptausl\u00f6ser f\u00fcr erblich bedingten Haarausfall &#8211; beeinflussen.<\/p>\n<p>LifeCell Thickening Nourishing Conditioner st\u00e4rkt das Haar und liefert st\u00e4rkende Vitamine. Die leichte Formel verhindert, dass das Haar beschwert wird, und verleiht ihm Volumen und ein dickeres Aussehen.<\/p>\n<p>Das Restoration System enth\u00e4lt das von der FDA zugelassene Haarwuchsmittel Minoxidil in einer Dosierung von 2 % f\u00fcr Frauen und 5 % f\u00fcr M\u00e4nner &#8211; die h\u00f6chste derzeit rezeptfrei erh\u00e4ltliche Dosis.<\/p>\n<p>Diese klinisch erprobte Behandlung wurde speziell f\u00fcr M\u00e4nner entwickelt, die unter Haarausfall leiden.<\/p>\n<p>Unabh\u00e4ngig vom Stadium des Haarausfalls ist die Wirkung von Minoxidil erwiesen.<\/p>\n<p>Diese Formel l\u00e4sst nachweislich bei \u00fcber 80 % der M\u00e4nner Haare nachwachsen, mit klinischen Ergebnissen in nur 12 Wochen und sichtbaren Ergebnissen bei kontinuierlicher t\u00e4glicher Anwendung nach 24 Wochen.<\/p>\n<p>Helfen Sie dem Haarausfall und lassen Sie volleres Haar nachwachsen mit LifeCell Extra Strength Hair Regrowth Treatment.<\/p>\n<p>Es ist klinisch erwiesen, dass dieses schnell wirkende Mittel gegen Haarausfall bis zu 25 % mehr Haare nachwachsen l\u00e4sst. Im Gegensatz zu Shampoos gegen Haarausfall und Produkten zur Haarverdichtung, die das Haar vor\u00fcbergehend von au\u00dfen aufplustern, dringt LifeCell in die Kopfhaut ein und reaktiviert geschrumpfte Haarfollikel.<\/p>\n<p>Die Minoxidil-Formel kurbelt die Aktivit\u00e4t der Haarfollikel und die Produktion von Haarproteinen an und erm\u00f6glicht so das Nachwachsen der Haare.<\/p>\n<p>LifeCell Hair Thickening Treatment pflegt und st\u00e4rkt br\u00fcchiges, d\u00fcnnes Haar und sorgt f\u00fcr dicker aussehendes, kr\u00e4ftiges Haar. Die leichte und feuchtigkeitsspendende Pflegesp\u00fclung verleiht dem Haar F\u00fclle und Dichte, so dass es dicker aussieht und sich auch so anf\u00fchlt. In Kombination mit dem LifeCell Anti-DHT Shampoo durchdringt das System die Haarfaser von der Wurzel bis zur Spitze und sorgt f\u00fcr dickeres, ges\u00fcnderes und volleres Haar. Es sorgt f\u00fcr eine Textur von innen heraus, um ein dickeres Gef\u00fchl zu erzeugen.<\/p>\n<p>Das Verdickungsshampoo verleiht dem Haar F\u00fclle und Dichte, so dass es dicker aussieht und sich auch so anf\u00fchlt. Es enth\u00e4lt aktive nat\u00fcrliche Anti-DHT-Inhaltsstoffe, darunter Koffein, S\u00e4gepalme (Serenoa Serrulata) und ein Gr\u00fcntee-Derivat namens Epigallocatechin-3-Gallat (EGCG), die in ver\u00f6ffentlichten wissenschaftlichen Studien jeweils eine Wirkung auf DHT, einen bekannten Ausl\u00f6ser f\u00fcr Haarausfall, gezeigt haben.<\/p>\n<p>Das Shampoo enth\u00e4lt au\u00dferdem Panthenol, ein Provitamin B5, das die Haarfasern mit Feuchtigkeit versorgt und schmiert und so Glanz, Volumen und Frisierbarkeit verbessert.<\/p>\n","protected":false},"excerpt":{"rendered":"<p><strong>Merkmale:<\/strong><\/p>\n<ul>\n<li>1 x Anti-DHT Shampoo 6.4oz \/ 189mL<\/li>\n<li>1 x Haar Verdickung Behandlung 6.4oz \/ 189mL<\/li>\n<li>2x FDA-zugelassenes Extra Strength Hair Regrowth Treatment &#8211; je 29ml.<\/li>\n<\/ul>\n<p>(2% Frauenformel oder 5% M\u00e4nnerformel)<\/p>\n","protected":false},"featured_media":870,"comment_status":"open","ping_status":"closed","template":"","meta":{"_acf_changed":false},"product_brand":[],"product_cat":[38],"product_tag":[],"class_list":{"0":"post-1132","1":"product","2":"type-product","3":"status-publish","4":"has-post-thumbnail","6":"product_cat-hautpflege","8":"first","9":"instock","10":"shipping-taxable","11":"purchasable","12":"product-type-simple"},"acf":[],"yoast_head":"<!-- This site is optimized with the Yoast SEO plugin v26.7 - https:\/\/yoast.com\/wordpress\/plugins\/seo\/ -->\n<title>LifeCell Haarwiederherstellungssystem - SweetestSaffron<\/title>\n<meta name=\"description\" content=\"LifeCell Hair Restoration System f\u00fcr Frauen und M\u00e4nner, erh\u00e4ltlich bei SweetestSaffron. KOSTENLOSE Lieferung f\u00fcr alle Bestellungen in Gro\u00dfbritannien.\" \/>\n<meta name=\"robots\" content=\"index, follow, max-snippet:-1, max-image-preview:large, max-video-preview:-1\" \/>\n<link rel=\"canonical\" href=\"https:\/\/www.sweetestsaffron.co.uk\/de\/produkt\/lifecell-haarwiederherstellungssystem-fuer-frauen-und-maenner\/\" \/>\n<meta property=\"og:locale\" content=\"de_DE\" \/>\n<meta property=\"og:type\" content=\"article\" \/>\n<meta property=\"og:title\" content=\"LifeCell Haarwiederherstellungssystem - SweetestSaffron\" \/>\n<meta property=\"og:description\" content=\"LifeCell Hair Restoration System f\u00fcr Frauen und M\u00e4nner, erh\u00e4ltlich bei SweetestSaffron. KOSTENLOSE Lieferung f\u00fcr alle Bestellungen in Gro\u00dfbritannien.\" \/>\n<meta property=\"og:url\" content=\"https:\/\/www.sweetestsaffron.co.uk\/de\/produkt\/lifecell-haarwiederherstellungssystem-fuer-frauen-und-maenner\/\" \/>\n<meta property=\"og:site_name\" content=\"SweetestSaffron\" \/>\n<meta property=\"article:modified_time\" content=\"2022-12-07T16:21:40+00:00\" \/>\n<meta property=\"og:image\" content=\"https:\/\/www.sweetestsaffron.co.uk\/wp-content\/uploads\/2022\/08\/LifeCell-Hair-Restoration.png\" \/>\n\t<meta property=\"og:image:width\" content=\"1000\" \/>\n\t<meta property=\"og:image:height\" content=\"1000\" \/>\n\t<meta property=\"og:image:type\" content=\"image\/png\" \/>\n<meta name=\"twitter:card\" content=\"summary_large_image\" \/>\n<meta name=\"twitter:label1\" content=\"Gesch\u00e4tzte Lesezeit\" \/>\n\t<meta name=\"twitter:data1\" content=\"3\u00a0Minuten\" \/>\n<script type=\"application\/ld+json\" class=\"yoast-schema-graph\">{\"@context\":\"https:\/\/schema.org\",\"@graph\":[{\"@type\":\"WebPage\",\"@id\":\"https:\/\/www.sweetestsaffron.co.uk\/de\/produkt\/lifecell-haarwiederherstellungssystem-fuer-frauen-und-maenner\/\",\"url\":\"https:\/\/www.sweetestsaffron.co.uk\/de\/produkt\/lifecell-haarwiederherstellungssystem-fuer-frauen-und-maenner\/\",\"name\":\"LifeCell Haarwiederherstellungssystem - SweetestSaffron\",\"isPartOf\":{\"@id\":\"https:\/\/www.sweetestsaffron.co.uk\/de\/#website\"},\"primaryImageOfPage\":{\"@id\":\"https:\/\/www.sweetestsaffron.co.uk\/de\/produkt\/lifecell-haarwiederherstellungssystem-fuer-frauen-und-maenner\/#primaryimage\"},\"image\":{\"@id\":\"https:\/\/www.sweetestsaffron.co.uk\/de\/produkt\/lifecell-haarwiederherstellungssystem-fuer-frauen-und-maenner\/#primaryimage\"},\"thumbnailUrl\":\"https:\/\/www.sweetestsaffron.co.uk\/wp-content\/uploads\/2022\/08\/LifeCell-Hair-Restoration.png\",\"datePublished\":\"2022-08-15T10:39:59+00:00\",\"dateModified\":\"2022-12-07T16:21:40+00:00\",\"description\":\"LifeCell Hair Restoration System f\u00fcr Frauen und M\u00e4nner, erh\u00e4ltlich bei SweetestSaffron. KOSTENLOSE Lieferung f\u00fcr alle Bestellungen in Gro\u00dfbritannien.\",\"breadcrumb\":{\"@id\":\"https:\/\/www.sweetestsaffron.co.uk\/de\/produkt\/lifecell-haarwiederherstellungssystem-fuer-frauen-und-maenner\/#breadcrumb\"},\"inLanguage\":\"de\",\"potentialAction\":[{\"@type\":\"ReadAction\",\"target\":[\"https:\/\/www.sweetestsaffron.co.uk\/de\/produkt\/lifecell-haarwiederherstellungssystem-fuer-frauen-und-maenner\/\"]}]},{\"@type\":\"ImageObject\",\"inLanguage\":\"de\",\"@id\":\"https:\/\/www.sweetestsaffron.co.uk\/de\/produkt\/lifecell-haarwiederherstellungssystem-fuer-frauen-und-maenner\/#primaryimage\",\"url\":\"https:\/\/www.sweetestsaffron.co.uk\/wp-content\/uploads\/2022\/08\/LifeCell-Hair-Restoration.png\",\"contentUrl\":\"https:\/\/www.sweetestsaffron.co.uk\/wp-content\/uploads\/2022\/08\/LifeCell-Hair-Restoration.png\",\"width\":1000,\"height\":1000,\"caption\":\"LifeCell Hair Restoration System\"},{\"@type\":\"BreadcrumbList\",\"@id\":\"https:\/\/www.sweetestsaffron.co.uk\/de\/produkt\/lifecell-haarwiederherstellungssystem-fuer-frauen-und-maenner\/#breadcrumb\",\"itemListElement\":[{\"@type\":\"ListItem\",\"position\":1,\"name\":\"Home\",\"item\":\"https:\/\/www.sweetestsaffron.co.uk\/de\/\"},{\"@type\":\"ListItem\",\"position\":2,\"name\":\"Shop\",\"item\":\"https:\/\/www.sweetestsaffron.co.uk\/de\/shop-2\/\"},{\"@type\":\"ListItem\",\"position\":3,\"name\":\"LifeCell Haarwiederherstellungssystem f\u00fcr Frauen und M\u00e4nner\"}]},{\"@type\":\"WebSite\",\"@id\":\"https:\/\/www.sweetestsaffron.co.uk\/de\/#website\",\"url\":\"https:\/\/www.sweetestsaffron.co.uk\/de\/\",\"name\":\"SweetestSaffron\",\"description\":\"Skincare,, Health Supplements &amp; HYPO21\",\"potentialAction\":[{\"@type\":\"SearchAction\",\"target\":{\"@type\":\"EntryPoint\",\"urlTemplate\":\"https:\/\/www.sweetestsaffron.co.uk\/de\/?s={search_term_string}\"},\"query-input\":{\"@type\":\"PropertyValueSpecification\",\"valueRequired\":true,\"valueName\":\"search_term_string\"}}],\"inLanguage\":\"de\"}]}<\/script>\n<!-- \/ Yoast SEO plugin. -->","yoast_head_json":{"title":"LifeCell Haarwiederherstellungssystem - SweetestSaffron","description":"LifeCell Hair Restoration System f\u00fcr Frauen und M\u00e4nner, erh\u00e4ltlich bei SweetestSaffron. KOSTENLOSE Lieferung f\u00fcr alle Bestellungen in Gro\u00dfbritannien.","robots":{"index":"index","follow":"follow","max-snippet":"max-snippet:-1","max-image-preview":"max-image-preview:large","max-video-preview":"max-video-preview:-1"},"canonical":"https:\/\/www.sweetestsaffron.co.uk\/de\/produkt\/lifecell-haarwiederherstellungssystem-fuer-frauen-und-maenner\/","og_locale":"de_DE","og_type":"article","og_title":"LifeCell Haarwiederherstellungssystem - SweetestSaffron","og_description":"LifeCell Hair Restoration System f\u00fcr Frauen und M\u00e4nner, erh\u00e4ltlich bei SweetestSaffron. KOSTENLOSE Lieferung f\u00fcr alle Bestellungen in Gro\u00dfbritannien.","og_url":"https:\/\/www.sweetestsaffron.co.uk\/de\/produkt\/lifecell-haarwiederherstellungssystem-fuer-frauen-und-maenner\/","og_site_name":"SweetestSaffron","article_modified_time":"2022-12-07T16:21:40+00:00","og_image":[{"width":1000,"height":1000,"url":"https:\/\/www.sweetestsaffron.co.uk\/wp-content\/uploads\/2022\/08\/LifeCell-Hair-Restoration.png","type":"image\/png"}],"twitter_card":"summary_large_image","twitter_misc":{"Gesch\u00e4tzte Lesezeit":"3\u00a0Minuten"},"schema":{"@context":"https:\/\/schema.org","@graph":[{"@type":"WebPage","@id":"https:\/\/www.sweetestsaffron.co.uk\/de\/produkt\/lifecell-haarwiederherstellungssystem-fuer-frauen-und-maenner\/","url":"https:\/\/www.sweetestsaffron.co.uk\/de\/produkt\/lifecell-haarwiederherstellungssystem-fuer-frauen-und-maenner\/","name":"LifeCell Haarwiederherstellungssystem - SweetestSaffron","isPartOf":{"@id":"https:\/\/www.sweetestsaffron.co.uk\/de\/#website"},"primaryImageOfPage":{"@id":"https:\/\/www.sweetestsaffron.co.uk\/de\/produkt\/lifecell-haarwiederherstellungssystem-fuer-frauen-und-maenner\/#primaryimage"},"image":{"@id":"https:\/\/www.sweetestsaffron.co.uk\/de\/produkt\/lifecell-haarwiederherstellungssystem-fuer-frauen-und-maenner\/#primaryimage"},"thumbnailUrl":"https:\/\/www.sweetestsaffron.co.uk\/wp-content\/uploads\/2022\/08\/LifeCell-Hair-Restoration.png","datePublished":"2022-08-15T10:39:59+00:00","dateModified":"2022-12-07T16:21:40+00:00","description":"LifeCell Hair Restoration System f\u00fcr Frauen und M\u00e4nner, erh\u00e4ltlich bei SweetestSaffron. KOSTENLOSE Lieferung f\u00fcr alle Bestellungen in Gro\u00dfbritannien.","breadcrumb":{"@id":"https:\/\/www.sweetestsaffron.co.uk\/de\/produkt\/lifecell-haarwiederherstellungssystem-fuer-frauen-und-maenner\/#breadcrumb"},"inLanguage":"de","potentialAction":[{"@type":"ReadAction","target":["https:\/\/www.sweetestsaffron.co.uk\/de\/produkt\/lifecell-haarwiederherstellungssystem-fuer-frauen-und-maenner\/"]}]},{"@type":"ImageObject","inLanguage":"de","@id":"https:\/\/www.sweetestsaffron.co.uk\/de\/produkt\/lifecell-haarwiederherstellungssystem-fuer-frauen-und-maenner\/#primaryimage","url":"https:\/\/www.sweetestsaffron.co.uk\/wp-content\/uploads\/2022\/08\/LifeCell-Hair-Restoration.png","contentUrl":"https:\/\/www.sweetestsaffron.co.uk\/wp-content\/uploads\/2022\/08\/LifeCell-Hair-Restoration.png","width":1000,"height":1000,"caption":"LifeCell Hair Restoration System"},{"@type":"BreadcrumbList","@id":"https:\/\/www.sweetestsaffron.co.uk\/de\/produkt\/lifecell-haarwiederherstellungssystem-fuer-frauen-und-maenner\/#breadcrumb","itemListElement":[{"@type":"ListItem","position":1,"name":"Home","item":"https:\/\/www.sweetestsaffron.co.uk\/de\/"},{"@type":"ListItem","position":2,"name":"Shop","item":"https:\/\/www.sweetestsaffron.co.uk\/de\/shop-2\/"},{"@type":"ListItem","position":3,"name":"LifeCell Haarwiederherstellungssystem f\u00fcr Frauen und M\u00e4nner"}]},{"@type":"WebSite","@id":"https:\/\/www.sweetestsaffron.co.uk\/de\/#website","url":"https:\/\/www.sweetestsaffron.co.uk\/de\/","name":"SweetestSaffron","description":"Skincare,, Health Supplements &amp; HYPO21","potentialAction":[{"@type":"SearchAction","target":{"@type":"EntryPoint","urlTemplate":"https:\/\/www.sweetestsaffron.co.uk\/de\/?s={search_term_string}"},"query-input":{"@type":"PropertyValueSpecification","valueRequired":true,"valueName":"search_term_string"}}],"inLanguage":"de"}]}},"_links":{"self":[{"href":"https:\/\/www.sweetestsaffron.co.uk\/de\/wp-json\/wp\/v2\/product\/1132","targetHints":{"allow":["GET"]}}],"collection":[{"href":"https:\/\/www.sweetestsaffron.co.uk\/de\/wp-json\/wp\/v2\/product"}],"about":[{"href":"https:\/\/www.sweetestsaffron.co.uk\/de\/wp-json\/wp\/v2\/types\/product"}],"replies":[{"embeddable":true,"href":"https:\/\/www.sweetestsaffron.co.uk\/de\/wp-json\/wp\/v2\/comments?post=1132"}],"wp:featuredmedia":[{"embeddable":true,"href":"https:\/\/www.sweetestsaffron.co.uk\/de\/wp-json\/wp\/v2\/media\/870"}],"wp:attachment":[{"href":"https:\/\/www.sweetestsaffron.co.uk\/de\/wp-json\/wp\/v2\/media?parent=1132"}],"wp:term":[{"taxonomy":"product_brand","embeddable":true,"href":"https:\/\/www.sweetestsaffron.co.uk\/de\/wp-json\/wp\/v2\/product_brand?post=1132"},{"taxonomy":"product_cat","embeddable":true,"href":"https:\/\/www.sweetestsaffron.co.uk\/de\/wp-json\/wp\/v2\/product_cat?post=1132"},{"taxonomy":"product_tag","embeddable":true,"href":"https:\/\/www.sweetestsaffron.co.uk\/de\/wp-json\/wp\/v2\/product_tag?post=1132"}],"curies":[{"name":"wp","href":"https:\/\/api.w.org\/{rel}","templated":true}]}}