{"id":1143,"date":"2022-06-22T10:11:33","date_gmt":"2022-06-22T09:11:33","guid":{"rendered":"https:\/\/www.sweetestsaffron.co.uk\/product\/lifecell-hair-restoring-shampoo-und-conditioner-189ml\/"},"modified":"2022-12-07T16:21:42","modified_gmt":"2022-12-07T16:21:42","slug":"lifecell-hair-restoring-shampoo-und-conditioner-189ml","status":"publish","type":"product","link":"https:\/\/www.sweetestsaffron.co.uk\/de\/produkt\/lifecell-hair-restoring-shampoo-und-conditioner-189ml\/","title":{"rendered":"LifeCell Hair Restoring Shampoo und Conditioner (189ml)"},"content":{"rendered":"<p>Jeder, der unter erblich bedingtem Haarausfall und sch\u00fctterem Haar leidet, sollte LifeCell Anti-DHT Shampoo verwenden.<\/p>\n<p>Das Verdickungsshampoo verleiht dem Haar F\u00fclle und Dichte, so dass es dicker aussieht und sich auch so anf\u00fchlt.<\/p>\n<p>Es enth\u00e4lt aktive nat\u00fcrliche Anti-DHT-Inhaltsstoffe, darunter Koffein, S\u00e4gepalme (Serenoa Serrulata) und ein Gr\u00fcntee-Derivat namens Epigallocatechin-3-Gallat (EGCG), die in ver\u00f6ffentlichten wissenschaftlichen Studien jeweils eine Wirkung auf DHT, einen bekannten Ausl\u00f6ser f\u00fcr Haarausfall, gezeigt haben.<\/p>\n<p>Das Shampoo enth\u00e4lt au\u00dferdem Panthenol, ein Provitamin B5, das die Haarfasern mit Feuchtigkeit versorgt und schmiert und so Glanz, Volumen und Frisierbarkeit verbessert.<\/p>\n<p>LifeCell Hair Thickening Treatment pflegt und st\u00e4rkt br\u00fcchiges, d\u00fcnnes Haar und sorgt f\u00fcr dicker aussehendes, kr\u00e4ftiges Haar. Die leichte und feuchtigkeitsspendende Pflegesp\u00fclung verleiht dem Haar F\u00fclle und Dichte, so dass es dicker aussieht und sich auch so anf\u00fchlt.<\/p>\n<p>In Kombination mit dem LifeCell Anti-DHT Shampoo durchdringt das System die Haarfaser von der Wurzel bis zur Spitze und sorgt f\u00fcr dickeres, ges\u00fcnderes und volleres Haar. Es sorgt f\u00fcr eine Textur von innen heraus, um ein dickeres Gef\u00fchl zu erzeugen.<\/p>\n","protected":false},"excerpt":{"rendered":"<p>Jeder, der unter erblich bedingtem Haarausfall und sch\u00fctterem Haar leidet, sollte LifeCell Anti-DHT Shampoo verwenden. Das Verdickungsshampoo verleiht dem Haar F\u00fclle und Dichte, so dass es dicker aussieht und sich auch so anf\u00fchlt. Es enth\u00e4lt aktive nat\u00fcrliche Anti-DHT-Inhaltsstoffe, darunter Koffein, S\u00e4gepalme (Serenoa Serrulata) und ein Gr\u00fcntee-Derivat namens Epigallocatechin-3-Gallat (EGCG), die in ver\u00f6ffentlichten wissenschaftlichen Studien jeweils [&hellip;]<\/p>\n","protected":false},"featured_media":832,"comment_status":"open","ping_status":"closed","template":"","meta":{"_acf_changed":false},"product_brand":[],"product_cat":[38],"product_tag":[],"class_list":{"0":"post-1143","1":"product","2":"type-product","3":"status-publish","4":"has-post-thumbnail","6":"product_cat-hautpflege","8":"first","9":"instock","10":"shipping-taxable","11":"purchasable","12":"product-type-simple"},"acf":[],"yoast_head":"<!-- This site is optimized with the Yoast SEO plugin v26.7 - https:\/\/yoast.com\/wordpress\/plugins\/seo\/ -->\n<title>LifeCell Hair Restoring Shampoo und Conditioner (189ml) - SweetestSaffron<\/title>\n<meta name=\"description\" content=\"LifeCell Hair Restoring Shampoo und Conditioner f\u00fcr dickeres und volumin\u00f6seres Haar. St\u00f6bern Sie in den Produkten von SweetestSaffron oder kontaktieren Sie uns noch heute!\" \/>\n<meta name=\"robots\" content=\"index, follow, max-snippet:-1, max-image-preview:large, max-video-preview:-1\" \/>\n<link rel=\"canonical\" href=\"https:\/\/www.sweetestsaffron.co.uk\/de\/produkt\/lifecell-hair-restoring-shampoo-und-conditioner-189ml\/\" \/>\n<meta property=\"og:locale\" content=\"de_DE\" \/>\n<meta property=\"og:type\" content=\"article\" \/>\n<meta property=\"og:title\" content=\"LifeCell Hair Restoring Shampoo und Conditioner (189ml) - SweetestSaffron\" \/>\n<meta property=\"og:description\" content=\"LifeCell Hair Restoring Shampoo und Conditioner f\u00fcr dickeres und volumin\u00f6seres Haar. St\u00f6bern Sie in den Produkten von SweetestSaffron oder kontaktieren Sie uns noch heute!\" \/>\n<meta property=\"og:url\" content=\"https:\/\/www.sweetestsaffron.co.uk\/de\/produkt\/lifecell-hair-restoring-shampoo-und-conditioner-189ml\/\" \/>\n<meta property=\"og:site_name\" content=\"SweetestSaffron\" \/>\n<meta property=\"article:modified_time\" content=\"2022-12-07T16:21:42+00:00\" \/>\n<meta property=\"og:image\" content=\"https:\/\/www.sweetestsaffron.co.uk\/wp-content\/uploads\/2022\/06\/LifeCell-Hair-Restoring-Shampoo-and-Conditioner.jpg\" \/>\n\t<meta property=\"og:image:width\" content=\"800\" \/>\n\t<meta property=\"og:image:height\" content=\"800\" \/>\n\t<meta property=\"og:image:type\" content=\"image\/jpeg\" \/>\n<meta name=\"twitter:card\" content=\"summary_large_image\" \/>\n<meta name=\"twitter:label1\" content=\"Gesch\u00e4tzte Lesezeit\" \/>\n\t<meta name=\"twitter:data1\" content=\"1\u00a0Minute\" \/>\n<script type=\"application\/ld+json\" class=\"yoast-schema-graph\">{\"@context\":\"https:\/\/schema.org\",\"@graph\":[{\"@type\":\"WebPage\",\"@id\":\"https:\/\/www.sweetestsaffron.co.uk\/de\/produkt\/lifecell-hair-restoring-shampoo-und-conditioner-189ml\/\",\"url\":\"https:\/\/www.sweetestsaffron.co.uk\/de\/produkt\/lifecell-hair-restoring-shampoo-und-conditioner-189ml\/\",\"name\":\"LifeCell Hair Restoring Shampoo und Conditioner (189ml) - SweetestSaffron\",\"isPartOf\":{\"@id\":\"https:\/\/www.sweetestsaffron.co.uk\/de\/#website\"},\"primaryImageOfPage\":{\"@id\":\"https:\/\/www.sweetestsaffron.co.uk\/de\/produkt\/lifecell-hair-restoring-shampoo-und-conditioner-189ml\/#primaryimage\"},\"image\":{\"@id\":\"https:\/\/www.sweetestsaffron.co.uk\/de\/produkt\/lifecell-hair-restoring-shampoo-und-conditioner-189ml\/#primaryimage\"},\"thumbnailUrl\":\"https:\/\/www.sweetestsaffron.co.uk\/wp-content\/uploads\/2022\/06\/LifeCell-Hair-Restoring-Shampoo-and-Conditioner.jpg\",\"datePublished\":\"2022-06-22T09:11:33+00:00\",\"dateModified\":\"2022-12-07T16:21:42+00:00\",\"description\":\"LifeCell Hair Restoring Shampoo und Conditioner f\u00fcr dickeres und volumin\u00f6seres Haar. St\u00f6bern Sie in den Produkten von SweetestSaffron oder kontaktieren Sie uns noch heute!\",\"breadcrumb\":{\"@id\":\"https:\/\/www.sweetestsaffron.co.uk\/de\/produkt\/lifecell-hair-restoring-shampoo-und-conditioner-189ml\/#breadcrumb\"},\"inLanguage\":\"de\",\"potentialAction\":[{\"@type\":\"ReadAction\",\"target\":[\"https:\/\/www.sweetestsaffron.co.uk\/de\/produkt\/lifecell-hair-restoring-shampoo-und-conditioner-189ml\/\"]}]},{\"@type\":\"ImageObject\",\"inLanguage\":\"de\",\"@id\":\"https:\/\/www.sweetestsaffron.co.uk\/de\/produkt\/lifecell-hair-restoring-shampoo-und-conditioner-189ml\/#primaryimage\",\"url\":\"https:\/\/www.sweetestsaffron.co.uk\/wp-content\/uploads\/2022\/06\/LifeCell-Hair-Restoring-Shampoo-and-Conditioner.jpg\",\"contentUrl\":\"https:\/\/www.sweetestsaffron.co.uk\/wp-content\/uploads\/2022\/06\/LifeCell-Hair-Restoring-Shampoo-and-Conditioner.jpg\",\"width\":800,\"height\":800,\"caption\":\"LifeCell Hair Restoring\"},{\"@type\":\"BreadcrumbList\",\"@id\":\"https:\/\/www.sweetestsaffron.co.uk\/de\/produkt\/lifecell-hair-restoring-shampoo-und-conditioner-189ml\/#breadcrumb\",\"itemListElement\":[{\"@type\":\"ListItem\",\"position\":1,\"name\":\"Home\",\"item\":\"https:\/\/www.sweetestsaffron.co.uk\/de\/\"},{\"@type\":\"ListItem\",\"position\":2,\"name\":\"Shop\",\"item\":\"https:\/\/www.sweetestsaffron.co.uk\/de\/shop-2\/\"},{\"@type\":\"ListItem\",\"position\":3,\"name\":\"LifeCell Hair Restoring Shampoo und Conditioner (189ml)\"}]},{\"@type\":\"WebSite\",\"@id\":\"https:\/\/www.sweetestsaffron.co.uk\/de\/#website\",\"url\":\"https:\/\/www.sweetestsaffron.co.uk\/de\/\",\"name\":\"SweetestSaffron\",\"description\":\"Skincare,, Health Supplements &amp; HYPO21\",\"potentialAction\":[{\"@type\":\"SearchAction\",\"target\":{\"@type\":\"EntryPoint\",\"urlTemplate\":\"https:\/\/www.sweetestsaffron.co.uk\/de\/?s={search_term_string}\"},\"query-input\":{\"@type\":\"PropertyValueSpecification\",\"valueRequired\":true,\"valueName\":\"search_term_string\"}}],\"inLanguage\":\"de\"}]}<\/script>\n<!-- \/ Yoast SEO plugin. -->","yoast_head_json":{"title":"LifeCell Hair Restoring Shampoo und Conditioner (189ml) - SweetestSaffron","description":"LifeCell Hair Restoring Shampoo und Conditioner f\u00fcr dickeres und volumin\u00f6seres Haar. St\u00f6bern Sie in den Produkten von SweetestSaffron oder kontaktieren Sie uns noch heute!","robots":{"index":"index","follow":"follow","max-snippet":"max-snippet:-1","max-image-preview":"max-image-preview:large","max-video-preview":"max-video-preview:-1"},"canonical":"https:\/\/www.sweetestsaffron.co.uk\/de\/produkt\/lifecell-hair-restoring-shampoo-und-conditioner-189ml\/","og_locale":"de_DE","og_type":"article","og_title":"LifeCell Hair Restoring Shampoo und Conditioner (189ml) - SweetestSaffron","og_description":"LifeCell Hair Restoring Shampoo und Conditioner f\u00fcr dickeres und volumin\u00f6seres Haar. St\u00f6bern Sie in den Produkten von SweetestSaffron oder kontaktieren Sie uns noch heute!","og_url":"https:\/\/www.sweetestsaffron.co.uk\/de\/produkt\/lifecell-hair-restoring-shampoo-und-conditioner-189ml\/","og_site_name":"SweetestSaffron","article_modified_time":"2022-12-07T16:21:42+00:00","og_image":[{"width":800,"height":800,"url":"https:\/\/www.sweetestsaffron.co.uk\/wp-content\/uploads\/2022\/06\/LifeCell-Hair-Restoring-Shampoo-and-Conditioner.jpg","type":"image\/jpeg"}],"twitter_card":"summary_large_image","twitter_misc":{"Gesch\u00e4tzte Lesezeit":"1\u00a0Minute"},"schema":{"@context":"https:\/\/schema.org","@graph":[{"@type":"WebPage","@id":"https:\/\/www.sweetestsaffron.co.uk\/de\/produkt\/lifecell-hair-restoring-shampoo-und-conditioner-189ml\/","url":"https:\/\/www.sweetestsaffron.co.uk\/de\/produkt\/lifecell-hair-restoring-shampoo-und-conditioner-189ml\/","name":"LifeCell Hair Restoring Shampoo und Conditioner (189ml) - SweetestSaffron","isPartOf":{"@id":"https:\/\/www.sweetestsaffron.co.uk\/de\/#website"},"primaryImageOfPage":{"@id":"https:\/\/www.sweetestsaffron.co.uk\/de\/produkt\/lifecell-hair-restoring-shampoo-und-conditioner-189ml\/#primaryimage"},"image":{"@id":"https:\/\/www.sweetestsaffron.co.uk\/de\/produkt\/lifecell-hair-restoring-shampoo-und-conditioner-189ml\/#primaryimage"},"thumbnailUrl":"https:\/\/www.sweetestsaffron.co.uk\/wp-content\/uploads\/2022\/06\/LifeCell-Hair-Restoring-Shampoo-and-Conditioner.jpg","datePublished":"2022-06-22T09:11:33+00:00","dateModified":"2022-12-07T16:21:42+00:00","description":"LifeCell Hair Restoring Shampoo und Conditioner f\u00fcr dickeres und volumin\u00f6seres Haar. St\u00f6bern Sie in den Produkten von SweetestSaffron oder kontaktieren Sie uns noch heute!","breadcrumb":{"@id":"https:\/\/www.sweetestsaffron.co.uk\/de\/produkt\/lifecell-hair-restoring-shampoo-und-conditioner-189ml\/#breadcrumb"},"inLanguage":"de","potentialAction":[{"@type":"ReadAction","target":["https:\/\/www.sweetestsaffron.co.uk\/de\/produkt\/lifecell-hair-restoring-shampoo-und-conditioner-189ml\/"]}]},{"@type":"ImageObject","inLanguage":"de","@id":"https:\/\/www.sweetestsaffron.co.uk\/de\/produkt\/lifecell-hair-restoring-shampoo-und-conditioner-189ml\/#primaryimage","url":"https:\/\/www.sweetestsaffron.co.uk\/wp-content\/uploads\/2022\/06\/LifeCell-Hair-Restoring-Shampoo-and-Conditioner.jpg","contentUrl":"https:\/\/www.sweetestsaffron.co.uk\/wp-content\/uploads\/2022\/06\/LifeCell-Hair-Restoring-Shampoo-and-Conditioner.jpg","width":800,"height":800,"caption":"LifeCell Hair Restoring"},{"@type":"BreadcrumbList","@id":"https:\/\/www.sweetestsaffron.co.uk\/de\/produkt\/lifecell-hair-restoring-shampoo-und-conditioner-189ml\/#breadcrumb","itemListElement":[{"@type":"ListItem","position":1,"name":"Home","item":"https:\/\/www.sweetestsaffron.co.uk\/de\/"},{"@type":"ListItem","position":2,"name":"Shop","item":"https:\/\/www.sweetestsaffron.co.uk\/de\/shop-2\/"},{"@type":"ListItem","position":3,"name":"LifeCell Hair Restoring Shampoo und Conditioner (189ml)"}]},{"@type":"WebSite","@id":"https:\/\/www.sweetestsaffron.co.uk\/de\/#website","url":"https:\/\/www.sweetestsaffron.co.uk\/de\/","name":"SweetestSaffron","description":"Skincare,, Health Supplements &amp; HYPO21","potentialAction":[{"@type":"SearchAction","target":{"@type":"EntryPoint","urlTemplate":"https:\/\/www.sweetestsaffron.co.uk\/de\/?s={search_term_string}"},"query-input":{"@type":"PropertyValueSpecification","valueRequired":true,"valueName":"search_term_string"}}],"inLanguage":"de"}]}},"_links":{"self":[{"href":"https:\/\/www.sweetestsaffron.co.uk\/de\/wp-json\/wp\/v2\/product\/1143","targetHints":{"allow":["GET"]}}],"collection":[{"href":"https:\/\/www.sweetestsaffron.co.uk\/de\/wp-json\/wp\/v2\/product"}],"about":[{"href":"https:\/\/www.sweetestsaffron.co.uk\/de\/wp-json\/wp\/v2\/types\/product"}],"replies":[{"embeddable":true,"href":"https:\/\/www.sweetestsaffron.co.uk\/de\/wp-json\/wp\/v2\/comments?post=1143"}],"wp:featuredmedia":[{"embeddable":true,"href":"https:\/\/www.sweetestsaffron.co.uk\/de\/wp-json\/wp\/v2\/media\/832"}],"wp:attachment":[{"href":"https:\/\/www.sweetestsaffron.co.uk\/de\/wp-json\/wp\/v2\/media?parent=1143"}],"wp:term":[{"taxonomy":"product_brand","embeddable":true,"href":"https:\/\/www.sweetestsaffron.co.uk\/de\/wp-json\/wp\/v2\/product_brand?post=1143"},{"taxonomy":"product_cat","embeddable":true,"href":"https:\/\/www.sweetestsaffron.co.uk\/de\/wp-json\/wp\/v2\/product_cat?post=1143"},{"taxonomy":"product_tag","embeddable":true,"href":"https:\/\/www.sweetestsaffron.co.uk\/de\/wp-json\/wp\/v2\/product_tag?post=1143"}],"curies":[{"name":"wp","href":"https:\/\/api.w.org\/{rel}","templated":true}]}}