{"id":1146,"date":"2022-06-22T10:58:18","date_gmt":"2022-06-22T09:58:18","guid":{"rendered":"https:\/\/www.sweetestsaffron.co.uk\/product\/lifecell-wimper-5ml\/"},"modified":"2022-12-07T16:21:42","modified_gmt":"2022-12-07T16:21:42","slug":"lifecell-wimper-5ml","status":"publish","type":"product","link":"https:\/\/www.sweetestsaffron.co.uk\/de\/produkt\/lifecell-wimper-5ml\/","title":{"rendered":"LifeCell Wimper &#8211; 5ml"},"content":{"rendered":"<p><strong>Wie funktioniert es?<\/strong><\/p>\n<p>Chemische, thermische oder mechanische Sch\u00e4den, die durch Wimpernverl\u00e4ngerungen, Kleber, Kosmetika oder Anwendungen verursacht wurden, werden gen\u00e4hrt, um die Disulfidbindungen zu reparieren, damit Ihre Wimpern und Augenbrauen sich wirksam gegen Sch\u00e4den sch\u00fctzen k\u00f6nnen.<\/p>\n<p>BESTEHENDE WIMPERN VERST\u00c4RKEN<\/p>\n<p>Stimuliert schwache Bindungen, die in Ihren Brauen und Wimpern noch vorhanden sind, und f\u00f6rdert so die nat\u00fcrliche Reparatur f\u00fcr volle, gesunde und kr\u00e4ftige Ergebnisse.<\/p>\n<p>NEUES WACHSTUM REPARIEREN UND SCH\u00dcTZEN<\/p>\n<p>Die neu gewonnene Elastizit\u00e4t und Festigkeit kann sich schnell entfalten, so dass die Wimpern und Augenbrauen voll stimuliert werden. Ihre nat\u00fcrlichen, gesunden Wimpern und Augenbrauen sind hier, um zu bleiben.<\/p>\n","protected":false},"excerpt":{"rendered":"<p><strong>Vollere, dichtere und l\u00e4ngere Wimpern &#8211; <\/strong>ohne Extensions<\/p>\n<p>LifeCell Lash ist ein Serum mit dreifacher Peptidwirkung, das den Wimpern sagt, dass sie <strong>weiter wachsen sollen. <\/strong>Die n\u00e4hrende Formel st\u00e4rkt, pflegt und hilft, die Wachstumsphase zu verl\u00e4ngern &#8211; f\u00fcr vollere, dichtere und l\u00e4ngere Wimpern.<\/p>\n<p>Lassen Sie sich nicht l\u00e4nger von Ihrer Wimpernroutine auf dem Weg zu langen, dichten und gesunden Wimpern behindern.<\/p>\n<p>Wimpernverl\u00e4ngerungen sind teuer und k\u00f6nnen Ihre nat\u00fcrlichen Wimpern sch\u00e4digen.<\/p>\n<p>LifeCell Lash pflegt Ihre nat\u00fcrlichen Wimpern, damit Sie endlich die Wimpern bekommen, die Sie sich schon immer gew\u00fcnscht haben.<\/p>\n","protected":false},"featured_media":852,"comment_status":"open","ping_status":"closed","template":"","meta":{"_acf_changed":false},"product_brand":[],"product_cat":[38],"product_tag":[],"class_list":{"0":"post-1146","1":"product","2":"type-product","3":"status-publish","4":"has-post-thumbnail","6":"product_cat-hautpflege","8":"first","9":"instock","10":"shipping-taxable","11":"purchasable","12":"product-type-simple"},"acf":[],"yoast_head":"<!-- This site is optimized with the Yoast SEO plugin v26.7 - https:\/\/yoast.com\/wordpress\/plugins\/seo\/ -->\n<title>LifeCell Wimper - 5ml - SweetestSaffron<\/title>\n<meta name=\"description\" content=\"Erhalten Sie dichtere und vollere Wimpern mit LifeCell lash, erh\u00e4ltlich bei SweetestSaffron. Besuchen Sie unsere Website oder kontaktieren Sie uns noch heute!\" \/>\n<meta name=\"robots\" content=\"index, follow, max-snippet:-1, max-image-preview:large, max-video-preview:-1\" \/>\n<link rel=\"canonical\" href=\"https:\/\/www.sweetestsaffron.co.uk\/de\/produkt\/lifecell-wimper-5ml\/\" \/>\n<meta property=\"og:locale\" content=\"de_DE\" \/>\n<meta property=\"og:type\" content=\"article\" \/>\n<meta property=\"og:title\" content=\"LifeCell Wimper - 5ml - SweetestSaffron\" \/>\n<meta property=\"og:description\" content=\"Erhalten Sie dichtere und vollere Wimpern mit LifeCell lash, erh\u00e4ltlich bei SweetestSaffron. Besuchen Sie unsere Website oder kontaktieren Sie uns noch heute!\" \/>\n<meta property=\"og:url\" content=\"https:\/\/www.sweetestsaffron.co.uk\/de\/produkt\/lifecell-wimper-5ml\/\" \/>\n<meta property=\"og:site_name\" content=\"SweetestSaffron\" \/>\n<meta property=\"article:modified_time\" content=\"2022-12-07T16:21:42+00:00\" \/>\n<meta property=\"og:image\" content=\"https:\/\/www.sweetestsaffron.co.uk\/wp-content\/uploads\/2022\/06\/LifeCell-Lash.png\" \/>\n\t<meta property=\"og:image:width\" content=\"800\" \/>\n\t<meta property=\"og:image:height\" content=\"800\" \/>\n\t<meta property=\"og:image:type\" content=\"image\/png\" \/>\n<meta name=\"twitter:card\" content=\"summary_large_image\" \/>\n<meta name=\"twitter:label1\" content=\"Gesch\u00e4tzte Lesezeit\" \/>\n\t<meta name=\"twitter:data1\" content=\"1\u00a0Minute\" \/>\n<script type=\"application\/ld+json\" class=\"yoast-schema-graph\">{\"@context\":\"https:\/\/schema.org\",\"@graph\":[{\"@type\":\"WebPage\",\"@id\":\"https:\/\/www.sweetestsaffron.co.uk\/de\/produkt\/lifecell-wimper-5ml\/\",\"url\":\"https:\/\/www.sweetestsaffron.co.uk\/de\/produkt\/lifecell-wimper-5ml\/\",\"name\":\"LifeCell Wimper - 5ml - SweetestSaffron\",\"isPartOf\":{\"@id\":\"https:\/\/www.sweetestsaffron.co.uk\/de\/#website\"},\"primaryImageOfPage\":{\"@id\":\"https:\/\/www.sweetestsaffron.co.uk\/de\/produkt\/lifecell-wimper-5ml\/#primaryimage\"},\"image\":{\"@id\":\"https:\/\/www.sweetestsaffron.co.uk\/de\/produkt\/lifecell-wimper-5ml\/#primaryimage\"},\"thumbnailUrl\":\"https:\/\/www.sweetestsaffron.co.uk\/wp-content\/uploads\/2022\/06\/LifeCell-Lash.png\",\"datePublished\":\"2022-06-22T09:58:18+00:00\",\"dateModified\":\"2022-12-07T16:21:42+00:00\",\"description\":\"Erhalten Sie dichtere und vollere Wimpern mit LifeCell lash, erh\u00e4ltlich bei SweetestSaffron. Besuchen Sie unsere Website oder kontaktieren Sie uns noch heute!\",\"breadcrumb\":{\"@id\":\"https:\/\/www.sweetestsaffron.co.uk\/de\/produkt\/lifecell-wimper-5ml\/#breadcrumb\"},\"inLanguage\":\"de\",\"potentialAction\":[{\"@type\":\"ReadAction\",\"target\":[\"https:\/\/www.sweetestsaffron.co.uk\/de\/produkt\/lifecell-wimper-5ml\/\"]}]},{\"@type\":\"ImageObject\",\"inLanguage\":\"de\",\"@id\":\"https:\/\/www.sweetestsaffron.co.uk\/de\/produkt\/lifecell-wimper-5ml\/#primaryimage\",\"url\":\"https:\/\/www.sweetestsaffron.co.uk\/wp-content\/uploads\/2022\/06\/LifeCell-Lash.png\",\"contentUrl\":\"https:\/\/www.sweetestsaffron.co.uk\/wp-content\/uploads\/2022\/06\/LifeCell-Lash.png\",\"width\":800,\"height\":800},{\"@type\":\"BreadcrumbList\",\"@id\":\"https:\/\/www.sweetestsaffron.co.uk\/de\/produkt\/lifecell-wimper-5ml\/#breadcrumb\",\"itemListElement\":[{\"@type\":\"ListItem\",\"position\":1,\"name\":\"Home\",\"item\":\"https:\/\/www.sweetestsaffron.co.uk\/de\/\"},{\"@type\":\"ListItem\",\"position\":2,\"name\":\"Shop\",\"item\":\"https:\/\/www.sweetestsaffron.co.uk\/de\/shop-2\/\"},{\"@type\":\"ListItem\",\"position\":3,\"name\":\"LifeCell Wimper &#8211; 5ml\"}]},{\"@type\":\"WebSite\",\"@id\":\"https:\/\/www.sweetestsaffron.co.uk\/de\/#website\",\"url\":\"https:\/\/www.sweetestsaffron.co.uk\/de\/\",\"name\":\"SweetestSaffron\",\"description\":\"Skincare,, Health Supplements &amp; HYPO21\",\"potentialAction\":[{\"@type\":\"SearchAction\",\"target\":{\"@type\":\"EntryPoint\",\"urlTemplate\":\"https:\/\/www.sweetestsaffron.co.uk\/de\/?s={search_term_string}\"},\"query-input\":{\"@type\":\"PropertyValueSpecification\",\"valueRequired\":true,\"valueName\":\"search_term_string\"}}],\"inLanguage\":\"de\"}]}<\/script>\n<!-- \/ Yoast SEO plugin. -->","yoast_head_json":{"title":"LifeCell Wimper - 5ml - SweetestSaffron","description":"Erhalten Sie dichtere und vollere Wimpern mit LifeCell lash, erh\u00e4ltlich bei SweetestSaffron. Besuchen Sie unsere Website oder kontaktieren Sie uns noch heute!","robots":{"index":"index","follow":"follow","max-snippet":"max-snippet:-1","max-image-preview":"max-image-preview:large","max-video-preview":"max-video-preview:-1"},"canonical":"https:\/\/www.sweetestsaffron.co.uk\/de\/produkt\/lifecell-wimper-5ml\/","og_locale":"de_DE","og_type":"article","og_title":"LifeCell Wimper - 5ml - SweetestSaffron","og_description":"Erhalten Sie dichtere und vollere Wimpern mit LifeCell lash, erh\u00e4ltlich bei SweetestSaffron. Besuchen Sie unsere Website oder kontaktieren Sie uns noch heute!","og_url":"https:\/\/www.sweetestsaffron.co.uk\/de\/produkt\/lifecell-wimper-5ml\/","og_site_name":"SweetestSaffron","article_modified_time":"2022-12-07T16:21:42+00:00","og_image":[{"width":800,"height":800,"url":"https:\/\/www.sweetestsaffron.co.uk\/wp-content\/uploads\/2022\/06\/LifeCell-Lash.png","type":"image\/png"}],"twitter_card":"summary_large_image","twitter_misc":{"Gesch\u00e4tzte Lesezeit":"1\u00a0Minute"},"schema":{"@context":"https:\/\/schema.org","@graph":[{"@type":"WebPage","@id":"https:\/\/www.sweetestsaffron.co.uk\/de\/produkt\/lifecell-wimper-5ml\/","url":"https:\/\/www.sweetestsaffron.co.uk\/de\/produkt\/lifecell-wimper-5ml\/","name":"LifeCell Wimper - 5ml - SweetestSaffron","isPartOf":{"@id":"https:\/\/www.sweetestsaffron.co.uk\/de\/#website"},"primaryImageOfPage":{"@id":"https:\/\/www.sweetestsaffron.co.uk\/de\/produkt\/lifecell-wimper-5ml\/#primaryimage"},"image":{"@id":"https:\/\/www.sweetestsaffron.co.uk\/de\/produkt\/lifecell-wimper-5ml\/#primaryimage"},"thumbnailUrl":"https:\/\/www.sweetestsaffron.co.uk\/wp-content\/uploads\/2022\/06\/LifeCell-Lash.png","datePublished":"2022-06-22T09:58:18+00:00","dateModified":"2022-12-07T16:21:42+00:00","description":"Erhalten Sie dichtere und vollere Wimpern mit LifeCell lash, erh\u00e4ltlich bei SweetestSaffron. Besuchen Sie unsere Website oder kontaktieren Sie uns noch heute!","breadcrumb":{"@id":"https:\/\/www.sweetestsaffron.co.uk\/de\/produkt\/lifecell-wimper-5ml\/#breadcrumb"},"inLanguage":"de","potentialAction":[{"@type":"ReadAction","target":["https:\/\/www.sweetestsaffron.co.uk\/de\/produkt\/lifecell-wimper-5ml\/"]}]},{"@type":"ImageObject","inLanguage":"de","@id":"https:\/\/www.sweetestsaffron.co.uk\/de\/produkt\/lifecell-wimper-5ml\/#primaryimage","url":"https:\/\/www.sweetestsaffron.co.uk\/wp-content\/uploads\/2022\/06\/LifeCell-Lash.png","contentUrl":"https:\/\/www.sweetestsaffron.co.uk\/wp-content\/uploads\/2022\/06\/LifeCell-Lash.png","width":800,"height":800},{"@type":"BreadcrumbList","@id":"https:\/\/www.sweetestsaffron.co.uk\/de\/produkt\/lifecell-wimper-5ml\/#breadcrumb","itemListElement":[{"@type":"ListItem","position":1,"name":"Home","item":"https:\/\/www.sweetestsaffron.co.uk\/de\/"},{"@type":"ListItem","position":2,"name":"Shop","item":"https:\/\/www.sweetestsaffron.co.uk\/de\/shop-2\/"},{"@type":"ListItem","position":3,"name":"LifeCell Wimper &#8211; 5ml"}]},{"@type":"WebSite","@id":"https:\/\/www.sweetestsaffron.co.uk\/de\/#website","url":"https:\/\/www.sweetestsaffron.co.uk\/de\/","name":"SweetestSaffron","description":"Skincare,, Health Supplements &amp; HYPO21","potentialAction":[{"@type":"SearchAction","target":{"@type":"EntryPoint","urlTemplate":"https:\/\/www.sweetestsaffron.co.uk\/de\/?s={search_term_string}"},"query-input":{"@type":"PropertyValueSpecification","valueRequired":true,"valueName":"search_term_string"}}],"inLanguage":"de"}]}},"_links":{"self":[{"href":"https:\/\/www.sweetestsaffron.co.uk\/de\/wp-json\/wp\/v2\/product\/1146","targetHints":{"allow":["GET"]}}],"collection":[{"href":"https:\/\/www.sweetestsaffron.co.uk\/de\/wp-json\/wp\/v2\/product"}],"about":[{"href":"https:\/\/www.sweetestsaffron.co.uk\/de\/wp-json\/wp\/v2\/types\/product"}],"replies":[{"embeddable":true,"href":"https:\/\/www.sweetestsaffron.co.uk\/de\/wp-json\/wp\/v2\/comments?post=1146"}],"wp:featuredmedia":[{"embeddable":true,"href":"https:\/\/www.sweetestsaffron.co.uk\/de\/wp-json\/wp\/v2\/media\/852"}],"wp:attachment":[{"href":"https:\/\/www.sweetestsaffron.co.uk\/de\/wp-json\/wp\/v2\/media?parent=1146"}],"wp:term":[{"taxonomy":"product_brand","embeddable":true,"href":"https:\/\/www.sweetestsaffron.co.uk\/de\/wp-json\/wp\/v2\/product_brand?post=1146"},{"taxonomy":"product_cat","embeddable":true,"href":"https:\/\/www.sweetestsaffron.co.uk\/de\/wp-json\/wp\/v2\/product_cat?post=1146"},{"taxonomy":"product_tag","embeddable":true,"href":"https:\/\/www.sweetestsaffron.co.uk\/de\/wp-json\/wp\/v2\/product_tag?post=1146"}],"curies":[{"name":"wp","href":"https:\/\/api.w.org\/{rel}","templated":true}]}}