{"id":1149,"date":"2022-06-22T10:42:19","date_gmt":"2022-06-22T09:42:19","guid":{"rendered":"https:\/\/www.sweetestsaffron.co.uk\/product\/lifecell-narbenserum-30ml\/"},"modified":"2022-12-07T16:21:43","modified_gmt":"2022-12-07T16:21:43","slug":"lifecell-narbenserum-30ml","status":"publish","type":"product","link":"https:\/\/www.sweetestsaffron.co.uk\/de\/produkt\/lifecell-narbenserum-30ml\/","title":{"rendered":"LifeCell Narbenserum &#8211; 30ml"},"content":{"rendered":"<p><strong>Was es ist:<\/strong><\/p>\n<p>Niacinamid (Vitamin B3) ist ein intelligenter, vielseitiger Wirkstoff, der auf einzigartige Weise in die Hautoberfl\u00e4che eindringt, um das Aussehen von schlaffen und gedehnten Poren zu verbessern. Es normalisiert die Porenfunktion und sch\u00fctzt vor weiterer Ausdehnung, wenn sie sch\u00e4dlichem UV-Licht ausgesetzt sind, und sorgt so f\u00fcr ein deutlich glatteres, j\u00fcngeres Aussehen.<\/p>\n<p>Es gl\u00e4ttet kontinuierlich raue Orangenhaut und hartn\u00e4ckige Unebenheiten<\/p>\n","protected":false},"excerpt":{"rendered":"<p>Unser konzentriertes Niacinamid-Serum (Vitamin B3) l\u00e4sst Hyperpigmentierung, Aknenarben und Sonnensch\u00e4den effektiv verschwinden und gl\u00e4ttet und minimiert das Erscheinungsbild vergr\u00f6\u00dferter Poren.<\/p>\n<ul>\n<li>Verbessert das Erscheinungsbild von dunklen Flecken, Narben und Narben nach Akne<\/li>\n<li>Verbessert sichtbar den ungleichm\u00e4\u00dfigen und verf\u00e4rbten Hautton<\/li>\n<li>Reduziert das Erscheinungsbild vergr\u00f6\u00dferter Poren drastisch<\/li>\n<\/ul>\n","protected":false},"featured_media":840,"comment_status":"open","ping_status":"closed","template":"","meta":{"_acf_changed":false},"product_brand":[],"product_cat":[38],"product_tag":[],"class_list":{"0":"post-1149","1":"product","2":"type-product","3":"status-publish","4":"has-post-thumbnail","6":"product_cat-hautpflege","8":"first","9":"outofstock","10":"shipping-taxable","11":"purchasable","12":"product-type-simple"},"acf":[],"yoast_head":"<!-- This site is optimized with the Yoast SEO plugin v26.7 - https:\/\/yoast.com\/wordpress\/plugins\/seo\/ -->\n<title>LifeCell Narbenserum - 30ml - SweetestSaffron<\/title>\n<meta name=\"description\" content=\"Reduzieren Sie das Erscheinungsbild von Hyperpigmentierung, Aknenarben und Sonnensch\u00e4den mit LifeCell Scar Serum. St\u00f6bern Sie auf unserer Website oder kaufen Sie noch heute!\" \/>\n<meta name=\"robots\" content=\"index, follow, max-snippet:-1, max-image-preview:large, max-video-preview:-1\" \/>\n<link rel=\"canonical\" href=\"https:\/\/www.sweetestsaffron.co.uk\/de\/produkt\/lifecell-narbenserum-30ml\/\" \/>\n<meta property=\"og:locale\" content=\"de_DE\" \/>\n<meta property=\"og:type\" content=\"article\" \/>\n<meta property=\"og:title\" content=\"LifeCell Narbenserum - 30ml - SweetestSaffron\" \/>\n<meta property=\"og:description\" content=\"Reduzieren Sie das Erscheinungsbild von Hyperpigmentierung, Aknenarben und Sonnensch\u00e4den mit LifeCell Scar Serum. St\u00f6bern Sie auf unserer Website oder kaufen Sie noch heute!\" \/>\n<meta property=\"og:url\" content=\"https:\/\/www.sweetestsaffron.co.uk\/de\/produkt\/lifecell-narbenserum-30ml\/\" \/>\n<meta property=\"og:site_name\" content=\"SweetestSaffron\" \/>\n<meta property=\"article:modified_time\" content=\"2022-12-07T16:21:43+00:00\" \/>\n<meta property=\"og:image\" content=\"https:\/\/www.sweetestsaffron.co.uk\/wp-content\/uploads\/2022\/06\/LifeCell-Scar-Serum.png\" \/>\n\t<meta property=\"og:image:width\" content=\"800\" \/>\n\t<meta property=\"og:image:height\" content=\"800\" \/>\n\t<meta property=\"og:image:type\" content=\"image\/png\" \/>\n<meta name=\"twitter:card\" content=\"summary_large_image\" \/>\n<script type=\"application\/ld+json\" class=\"yoast-schema-graph\">{\"@context\":\"https:\/\/schema.org\",\"@graph\":[{\"@type\":\"WebPage\",\"@id\":\"https:\/\/www.sweetestsaffron.co.uk\/de\/produkt\/lifecell-narbenserum-30ml\/\",\"url\":\"https:\/\/www.sweetestsaffron.co.uk\/de\/produkt\/lifecell-narbenserum-30ml\/\",\"name\":\"LifeCell Narbenserum - 30ml - SweetestSaffron\",\"isPartOf\":{\"@id\":\"https:\/\/www.sweetestsaffron.co.uk\/de\/#website\"},\"primaryImageOfPage\":{\"@id\":\"https:\/\/www.sweetestsaffron.co.uk\/de\/produkt\/lifecell-narbenserum-30ml\/#primaryimage\"},\"image\":{\"@id\":\"https:\/\/www.sweetestsaffron.co.uk\/de\/produkt\/lifecell-narbenserum-30ml\/#primaryimage\"},\"thumbnailUrl\":\"https:\/\/www.sweetestsaffron.co.uk\/wp-content\/uploads\/2022\/06\/LifeCell-Scar-Serum.png\",\"datePublished\":\"2022-06-22T09:42:19+00:00\",\"dateModified\":\"2022-12-07T16:21:43+00:00\",\"description\":\"Reduzieren Sie das Erscheinungsbild von Hyperpigmentierung, Aknenarben und Sonnensch\u00e4den mit LifeCell Scar Serum. St\u00f6bern Sie auf unserer Website oder kaufen Sie noch heute!\",\"breadcrumb\":{\"@id\":\"https:\/\/www.sweetestsaffron.co.uk\/de\/produkt\/lifecell-narbenserum-30ml\/#breadcrumb\"},\"inLanguage\":\"de\",\"potentialAction\":[{\"@type\":\"ReadAction\",\"target\":[\"https:\/\/www.sweetestsaffron.co.uk\/de\/produkt\/lifecell-narbenserum-30ml\/\"]}]},{\"@type\":\"ImageObject\",\"inLanguage\":\"de\",\"@id\":\"https:\/\/www.sweetestsaffron.co.uk\/de\/produkt\/lifecell-narbenserum-30ml\/#primaryimage\",\"url\":\"https:\/\/www.sweetestsaffron.co.uk\/wp-content\/uploads\/2022\/06\/LifeCell-Scar-Serum.png\",\"contentUrl\":\"https:\/\/www.sweetestsaffron.co.uk\/wp-content\/uploads\/2022\/06\/LifeCell-Scar-Serum.png\",\"width\":800,\"height\":800},{\"@type\":\"BreadcrumbList\",\"@id\":\"https:\/\/www.sweetestsaffron.co.uk\/de\/produkt\/lifecell-narbenserum-30ml\/#breadcrumb\",\"itemListElement\":[{\"@type\":\"ListItem\",\"position\":1,\"name\":\"Home\",\"item\":\"https:\/\/www.sweetestsaffron.co.uk\/de\/\"},{\"@type\":\"ListItem\",\"position\":2,\"name\":\"Shop\",\"item\":\"https:\/\/www.sweetestsaffron.co.uk\/de\/shop-2\/\"},{\"@type\":\"ListItem\",\"position\":3,\"name\":\"LifeCell Narbenserum &#8211; 30ml\"}]},{\"@type\":\"WebSite\",\"@id\":\"https:\/\/www.sweetestsaffron.co.uk\/de\/#website\",\"url\":\"https:\/\/www.sweetestsaffron.co.uk\/de\/\",\"name\":\"SweetestSaffron\",\"description\":\"Skincare,, Health Supplements &amp; HYPO21\",\"potentialAction\":[{\"@type\":\"SearchAction\",\"target\":{\"@type\":\"EntryPoint\",\"urlTemplate\":\"https:\/\/www.sweetestsaffron.co.uk\/de\/?s={search_term_string}\"},\"query-input\":{\"@type\":\"PropertyValueSpecification\",\"valueRequired\":true,\"valueName\":\"search_term_string\"}}],\"inLanguage\":\"de\"}]}<\/script>\n<!-- \/ Yoast SEO plugin. -->","yoast_head_json":{"title":"LifeCell Narbenserum - 30ml - SweetestSaffron","description":"Reduzieren Sie das Erscheinungsbild von Hyperpigmentierung, Aknenarben und Sonnensch\u00e4den mit LifeCell Scar Serum. St\u00f6bern Sie auf unserer Website oder kaufen Sie noch heute!","robots":{"index":"index","follow":"follow","max-snippet":"max-snippet:-1","max-image-preview":"max-image-preview:large","max-video-preview":"max-video-preview:-1"},"canonical":"https:\/\/www.sweetestsaffron.co.uk\/de\/produkt\/lifecell-narbenserum-30ml\/","og_locale":"de_DE","og_type":"article","og_title":"LifeCell Narbenserum - 30ml - SweetestSaffron","og_description":"Reduzieren Sie das Erscheinungsbild von Hyperpigmentierung, Aknenarben und Sonnensch\u00e4den mit LifeCell Scar Serum. St\u00f6bern Sie auf unserer Website oder kaufen Sie noch heute!","og_url":"https:\/\/www.sweetestsaffron.co.uk\/de\/produkt\/lifecell-narbenserum-30ml\/","og_site_name":"SweetestSaffron","article_modified_time":"2022-12-07T16:21:43+00:00","og_image":[{"width":800,"height":800,"url":"https:\/\/www.sweetestsaffron.co.uk\/wp-content\/uploads\/2022\/06\/LifeCell-Scar-Serum.png","type":"image\/png"}],"twitter_card":"summary_large_image","schema":{"@context":"https:\/\/schema.org","@graph":[{"@type":"WebPage","@id":"https:\/\/www.sweetestsaffron.co.uk\/de\/produkt\/lifecell-narbenserum-30ml\/","url":"https:\/\/www.sweetestsaffron.co.uk\/de\/produkt\/lifecell-narbenserum-30ml\/","name":"LifeCell Narbenserum - 30ml - SweetestSaffron","isPartOf":{"@id":"https:\/\/www.sweetestsaffron.co.uk\/de\/#website"},"primaryImageOfPage":{"@id":"https:\/\/www.sweetestsaffron.co.uk\/de\/produkt\/lifecell-narbenserum-30ml\/#primaryimage"},"image":{"@id":"https:\/\/www.sweetestsaffron.co.uk\/de\/produkt\/lifecell-narbenserum-30ml\/#primaryimage"},"thumbnailUrl":"https:\/\/www.sweetestsaffron.co.uk\/wp-content\/uploads\/2022\/06\/LifeCell-Scar-Serum.png","datePublished":"2022-06-22T09:42:19+00:00","dateModified":"2022-12-07T16:21:43+00:00","description":"Reduzieren Sie das Erscheinungsbild von Hyperpigmentierung, Aknenarben und Sonnensch\u00e4den mit LifeCell Scar Serum. St\u00f6bern Sie auf unserer Website oder kaufen Sie noch heute!","breadcrumb":{"@id":"https:\/\/www.sweetestsaffron.co.uk\/de\/produkt\/lifecell-narbenserum-30ml\/#breadcrumb"},"inLanguage":"de","potentialAction":[{"@type":"ReadAction","target":["https:\/\/www.sweetestsaffron.co.uk\/de\/produkt\/lifecell-narbenserum-30ml\/"]}]},{"@type":"ImageObject","inLanguage":"de","@id":"https:\/\/www.sweetestsaffron.co.uk\/de\/produkt\/lifecell-narbenserum-30ml\/#primaryimage","url":"https:\/\/www.sweetestsaffron.co.uk\/wp-content\/uploads\/2022\/06\/LifeCell-Scar-Serum.png","contentUrl":"https:\/\/www.sweetestsaffron.co.uk\/wp-content\/uploads\/2022\/06\/LifeCell-Scar-Serum.png","width":800,"height":800},{"@type":"BreadcrumbList","@id":"https:\/\/www.sweetestsaffron.co.uk\/de\/produkt\/lifecell-narbenserum-30ml\/#breadcrumb","itemListElement":[{"@type":"ListItem","position":1,"name":"Home","item":"https:\/\/www.sweetestsaffron.co.uk\/de\/"},{"@type":"ListItem","position":2,"name":"Shop","item":"https:\/\/www.sweetestsaffron.co.uk\/de\/shop-2\/"},{"@type":"ListItem","position":3,"name":"LifeCell Narbenserum &#8211; 30ml"}]},{"@type":"WebSite","@id":"https:\/\/www.sweetestsaffron.co.uk\/de\/#website","url":"https:\/\/www.sweetestsaffron.co.uk\/de\/","name":"SweetestSaffron","description":"Skincare,, Health Supplements &amp; HYPO21","potentialAction":[{"@type":"SearchAction","target":{"@type":"EntryPoint","urlTemplate":"https:\/\/www.sweetestsaffron.co.uk\/de\/?s={search_term_string}"},"query-input":{"@type":"PropertyValueSpecification","valueRequired":true,"valueName":"search_term_string"}}],"inLanguage":"de"}]}},"_links":{"self":[{"href":"https:\/\/www.sweetestsaffron.co.uk\/de\/wp-json\/wp\/v2\/product\/1149","targetHints":{"allow":["GET"]}}],"collection":[{"href":"https:\/\/www.sweetestsaffron.co.uk\/de\/wp-json\/wp\/v2\/product"}],"about":[{"href":"https:\/\/www.sweetestsaffron.co.uk\/de\/wp-json\/wp\/v2\/types\/product"}],"replies":[{"embeddable":true,"href":"https:\/\/www.sweetestsaffron.co.uk\/de\/wp-json\/wp\/v2\/comments?post=1149"}],"wp:featuredmedia":[{"embeddable":true,"href":"https:\/\/www.sweetestsaffron.co.uk\/de\/wp-json\/wp\/v2\/media\/840"}],"wp:attachment":[{"href":"https:\/\/www.sweetestsaffron.co.uk\/de\/wp-json\/wp\/v2\/media?parent=1149"}],"wp:term":[{"taxonomy":"product_brand","embeddable":true,"href":"https:\/\/www.sweetestsaffron.co.uk\/de\/wp-json\/wp\/v2\/product_brand?post=1149"},{"taxonomy":"product_cat","embeddable":true,"href":"https:\/\/www.sweetestsaffron.co.uk\/de\/wp-json\/wp\/v2\/product_cat?post=1149"},{"taxonomy":"product_tag","embeddable":true,"href":"https:\/\/www.sweetestsaffron.co.uk\/de\/wp-json\/wp\/v2\/product_tag?post=1149"}],"curies":[{"name":"wp","href":"https:\/\/api.w.org\/{rel}","templated":true}]}}