{"id":1161,"date":"2022-06-09T16:35:34","date_gmt":"2022-06-09T15:35:34","guid":{"rendered":"https:\/\/www.sweetestsaffron.co.uk\/product\/lifecell-lip-plumping-treatment-mit-maxi-lip-5ml\/"},"modified":"2022-12-07T16:22:06","modified_gmt":"2022-12-07T16:22:06","slug":"lifecell-lip-plumping-treatment-mit-maxi-lip-5ml","status":"publish","type":"product","link":"https:\/\/www.sweetestsaffron.co.uk\/de\/produkt\/lifecell-lip-plumping-treatment-mit-maxi-lip-5ml\/","title":{"rendered":"LifeCell Lip Plumping Treatment mit Maxi Lip\u2122 &#8211; 5ml"},"content":{"rendered":"<p><strong>Was es ist:<\/strong><\/p>\n<p>LifeCell Lip Plumping Treatment ist eine nicht reizende Lippenbehandlung, die Ihre Lippen aufpolstert und Falten und feine Linien gl\u00e4ttet. Der Hauptwirkstoff unseres Lip Plumping Treatment ist der patentierte Peptidkomplex Maxi Lip\u2122.<\/p>\n<p>MaxiLip enth\u00e4lt Peptide, die Teile von Proteinen der extrazellul\u00e4ren Matrix (ECM) nachahmen. Das Peptid GHK ist ein Fragment des Typ-1-Kollagenmolek\u00fcls und dient vermutlich als biologischer Indikator f\u00fcr einen verst\u00e4rkten Abbau der Hautmatrix. Wenn die wichtigsten Zellen, die die Hautmatrix produzieren (Fibroblasten), einen erh\u00f6hten GHK-Spiegel feststellen, &#8222;gehen sie davon aus&#8220;, dass die Hautmatrix schneller verloren geht, und beginnen, sie verst\u00e4rkt zu synthetisieren. Dies regt die Synthese von neuem Kollagen an und hilft, die Hautzellen zu st\u00e4rken und zu gl\u00e4tten.<\/p>\n<p>MaxiLip erh\u00f6ht den Sauerstoffgehalt der Haut und steigert so die Durchblutung in diesem Bereich, was vor\u00fcbergehend zu pralleren Lippen f\u00fchrt und bei regelm\u00e4\u00dfiger Anwendung einen dauerhaften Effekt hat. Die Haut braucht Sauerstoff, um die Produktion von Kollagen, Elastin und anderen Elementen zu unterst\u00fctzen, die f\u00fcr einen gesunden Hautzustand notwendig sind. Mit zunehmendem Alter verschlechtert sich die Durchblutung unserer Kapillaren, wodurch weniger Sauerstoff und N\u00e4hrstoffe unsere Hautzellen erreichen.<\/p>\n<p>Frei von Parf\u00fcm und Paragon.<br \/>\nHypoallergen.<br \/>\nF\u00fcr alle Hauttypen geeignet.<\/p>\n","protected":false},"excerpt":{"rendered":"<p><strong>Warum Ihre Lippen eine Plumping-Behandlung brauchen:<\/strong><\/p>\n<p>Lippenunterspritzungen k\u00f6nnen zu Schwellungen, Entz\u00fcndungen und in einigen F\u00e4llen sogar zu einer allergischen Reaktion f\u00fchren. LifeCell Lip Plumping Treatment wirkt topisch und verbessert dank der patentierten Peptidl\u00f6sung Maxi Lip\u2122 Volumen, F\u00fclle und Textur der Lippen.<\/p>\n","protected":false},"featured_media":792,"comment_status":"open","ping_status":"closed","template":"","meta":{"_acf_changed":false},"product_brand":[],"product_cat":[38],"product_tag":[],"class_list":{"0":"post-1161","1":"product","2":"type-product","3":"status-publish","4":"has-post-thumbnail","6":"product_cat-hautpflege","8":"first","9":"instock","10":"shipping-taxable","11":"purchasable","12":"product-type-simple"},"acf":[],"yoast_head":"<!-- This site is optimized with the Yoast SEO plugin v26.7 - https:\/\/yoast.com\/wordpress\/plugins\/seo\/ -->\n<title>LifeCell Lip Plumping Treatment mit Maxi Lip\u2122 - SweetestSaffron<\/title>\n<meta name=\"description\" content=\"Kaufen Sie das LifeCell Lip Plumping Treatment mit Maxi Lip\u2122 f\u00fcr volle und verbesserte Lippen. Zu kaufen bei SweetestSaffron.\" \/>\n<meta name=\"robots\" content=\"index, follow, max-snippet:-1, max-image-preview:large, max-video-preview:-1\" \/>\n<link rel=\"canonical\" href=\"https:\/\/www.sweetestsaffron.co.uk\/de\/produkt\/lifecell-lip-plumping-treatment-mit-maxi-lip-5ml\/\" \/>\n<meta property=\"og:locale\" content=\"de_DE\" \/>\n<meta property=\"og:type\" content=\"article\" \/>\n<meta property=\"og:title\" content=\"LifeCell Lip Plumping Treatment mit Maxi Lip\u2122 - SweetestSaffron\" \/>\n<meta property=\"og:description\" content=\"Kaufen Sie das LifeCell Lip Plumping Treatment mit Maxi Lip\u2122 f\u00fcr volle und verbesserte Lippen. Zu kaufen bei SweetestSaffron.\" \/>\n<meta property=\"og:url\" content=\"https:\/\/www.sweetestsaffron.co.uk\/de\/produkt\/lifecell-lip-plumping-treatment-mit-maxi-lip-5ml\/\" \/>\n<meta property=\"og:site_name\" content=\"SweetestSaffron\" \/>\n<meta property=\"article:modified_time\" content=\"2022-12-07T16:22:06+00:00\" \/>\n<meta property=\"og:image\" content=\"https:\/\/www.sweetestsaffron.co.uk\/wp-content\/uploads\/2022\/06\/LifeCell-Lip-Plumping-Treatment-featuring-Maxi-Lip\u2122.jpg\" \/>\n\t<meta property=\"og:image:width\" content=\"800\" \/>\n\t<meta property=\"og:image:height\" content=\"800\" \/>\n\t<meta property=\"og:image:type\" content=\"image\/jpeg\" \/>\n<meta name=\"twitter:card\" content=\"summary_large_image\" \/>\n<meta name=\"twitter:label1\" content=\"Gesch\u00e4tzte Lesezeit\" \/>\n\t<meta name=\"twitter:data1\" content=\"1\u00a0Minute\" \/>\n<script type=\"application\/ld+json\" class=\"yoast-schema-graph\">{\"@context\":\"https:\/\/schema.org\",\"@graph\":[{\"@type\":\"WebPage\",\"@id\":\"https:\/\/www.sweetestsaffron.co.uk\/de\/produkt\/lifecell-lip-plumping-treatment-mit-maxi-lip-5ml\/\",\"url\":\"https:\/\/www.sweetestsaffron.co.uk\/de\/produkt\/lifecell-lip-plumping-treatment-mit-maxi-lip-5ml\/\",\"name\":\"LifeCell Lip Plumping Treatment mit Maxi Lip\u2122 - SweetestSaffron\",\"isPartOf\":{\"@id\":\"https:\/\/www.sweetestsaffron.co.uk\/de\/#website\"},\"primaryImageOfPage\":{\"@id\":\"https:\/\/www.sweetestsaffron.co.uk\/de\/produkt\/lifecell-lip-plumping-treatment-mit-maxi-lip-5ml\/#primaryimage\"},\"image\":{\"@id\":\"https:\/\/www.sweetestsaffron.co.uk\/de\/produkt\/lifecell-lip-plumping-treatment-mit-maxi-lip-5ml\/#primaryimage\"},\"thumbnailUrl\":\"https:\/\/www.sweetestsaffron.co.uk\/wp-content\/uploads\/2022\/06\/LifeCell-Lip-Plumping-Treatment-featuring-Maxi-Lip\u2122.jpg\",\"datePublished\":\"2022-06-09T15:35:34+00:00\",\"dateModified\":\"2022-12-07T16:22:06+00:00\",\"description\":\"Kaufen Sie das LifeCell Lip Plumping Treatment mit Maxi Lip\u2122 f\u00fcr volle und verbesserte Lippen. Zu kaufen bei SweetestSaffron.\",\"breadcrumb\":{\"@id\":\"https:\/\/www.sweetestsaffron.co.uk\/de\/produkt\/lifecell-lip-plumping-treatment-mit-maxi-lip-5ml\/#breadcrumb\"},\"inLanguage\":\"de\",\"potentialAction\":[{\"@type\":\"ReadAction\",\"target\":[\"https:\/\/www.sweetestsaffron.co.uk\/de\/produkt\/lifecell-lip-plumping-treatment-mit-maxi-lip-5ml\/\"]}]},{\"@type\":\"ImageObject\",\"inLanguage\":\"de\",\"@id\":\"https:\/\/www.sweetestsaffron.co.uk\/de\/produkt\/lifecell-lip-plumping-treatment-mit-maxi-lip-5ml\/#primaryimage\",\"url\":\"https:\/\/www.sweetestsaffron.co.uk\/wp-content\/uploads\/2022\/06\/LifeCell-Lip-Plumping-Treatment-featuring-Maxi-Lip\u2122.jpg\",\"contentUrl\":\"https:\/\/www.sweetestsaffron.co.uk\/wp-content\/uploads\/2022\/06\/LifeCell-Lip-Plumping-Treatment-featuring-Maxi-Lip\u2122.jpg\",\"width\":800,\"height\":800,\"caption\":\"LifeCell Lip Plumping Treatment\"},{\"@type\":\"BreadcrumbList\",\"@id\":\"https:\/\/www.sweetestsaffron.co.uk\/de\/produkt\/lifecell-lip-plumping-treatment-mit-maxi-lip-5ml\/#breadcrumb\",\"itemListElement\":[{\"@type\":\"ListItem\",\"position\":1,\"name\":\"Home\",\"item\":\"https:\/\/www.sweetestsaffron.co.uk\/de\/\"},{\"@type\":\"ListItem\",\"position\":2,\"name\":\"Shop\",\"item\":\"https:\/\/www.sweetestsaffron.co.uk\/de\/shop-2\/\"},{\"@type\":\"ListItem\",\"position\":3,\"name\":\"LifeCell Lip Plumping Treatment mit Maxi Lip\u2122 &#8211; 5ml\"}]},{\"@type\":\"WebSite\",\"@id\":\"https:\/\/www.sweetestsaffron.co.uk\/de\/#website\",\"url\":\"https:\/\/www.sweetestsaffron.co.uk\/de\/\",\"name\":\"SweetestSaffron\",\"description\":\"Skincare,, Health Supplements &amp; HYPO21\",\"potentialAction\":[{\"@type\":\"SearchAction\",\"target\":{\"@type\":\"EntryPoint\",\"urlTemplate\":\"https:\/\/www.sweetestsaffron.co.uk\/de\/?s={search_term_string}\"},\"query-input\":{\"@type\":\"PropertyValueSpecification\",\"valueRequired\":true,\"valueName\":\"search_term_string\"}}],\"inLanguage\":\"de\"}]}<\/script>\n<!-- \/ Yoast SEO plugin. -->","yoast_head_json":{"title":"LifeCell Lip Plumping Treatment mit Maxi Lip\u2122 - SweetestSaffron","description":"Kaufen Sie das LifeCell Lip Plumping Treatment mit Maxi Lip\u2122 f\u00fcr volle und verbesserte Lippen. Zu kaufen bei SweetestSaffron.","robots":{"index":"index","follow":"follow","max-snippet":"max-snippet:-1","max-image-preview":"max-image-preview:large","max-video-preview":"max-video-preview:-1"},"canonical":"https:\/\/www.sweetestsaffron.co.uk\/de\/produkt\/lifecell-lip-plumping-treatment-mit-maxi-lip-5ml\/","og_locale":"de_DE","og_type":"article","og_title":"LifeCell Lip Plumping Treatment mit Maxi Lip\u2122 - SweetestSaffron","og_description":"Kaufen Sie das LifeCell Lip Plumping Treatment mit Maxi Lip\u2122 f\u00fcr volle und verbesserte Lippen. Zu kaufen bei SweetestSaffron.","og_url":"https:\/\/www.sweetestsaffron.co.uk\/de\/produkt\/lifecell-lip-plumping-treatment-mit-maxi-lip-5ml\/","og_site_name":"SweetestSaffron","article_modified_time":"2022-12-07T16:22:06+00:00","og_image":[{"width":800,"height":800,"url":"https:\/\/www.sweetestsaffron.co.uk\/wp-content\/uploads\/2022\/06\/LifeCell-Lip-Plumping-Treatment-featuring-Maxi-Lip\u2122.jpg","type":"image\/jpeg"}],"twitter_card":"summary_large_image","twitter_misc":{"Gesch\u00e4tzte Lesezeit":"1\u00a0Minute"},"schema":{"@context":"https:\/\/schema.org","@graph":[{"@type":"WebPage","@id":"https:\/\/www.sweetestsaffron.co.uk\/de\/produkt\/lifecell-lip-plumping-treatment-mit-maxi-lip-5ml\/","url":"https:\/\/www.sweetestsaffron.co.uk\/de\/produkt\/lifecell-lip-plumping-treatment-mit-maxi-lip-5ml\/","name":"LifeCell Lip Plumping Treatment mit Maxi Lip\u2122 - SweetestSaffron","isPartOf":{"@id":"https:\/\/www.sweetestsaffron.co.uk\/de\/#website"},"primaryImageOfPage":{"@id":"https:\/\/www.sweetestsaffron.co.uk\/de\/produkt\/lifecell-lip-plumping-treatment-mit-maxi-lip-5ml\/#primaryimage"},"image":{"@id":"https:\/\/www.sweetestsaffron.co.uk\/de\/produkt\/lifecell-lip-plumping-treatment-mit-maxi-lip-5ml\/#primaryimage"},"thumbnailUrl":"https:\/\/www.sweetestsaffron.co.uk\/wp-content\/uploads\/2022\/06\/LifeCell-Lip-Plumping-Treatment-featuring-Maxi-Lip\u2122.jpg","datePublished":"2022-06-09T15:35:34+00:00","dateModified":"2022-12-07T16:22:06+00:00","description":"Kaufen Sie das LifeCell Lip Plumping Treatment mit Maxi Lip\u2122 f\u00fcr volle und verbesserte Lippen. Zu kaufen bei SweetestSaffron.","breadcrumb":{"@id":"https:\/\/www.sweetestsaffron.co.uk\/de\/produkt\/lifecell-lip-plumping-treatment-mit-maxi-lip-5ml\/#breadcrumb"},"inLanguage":"de","potentialAction":[{"@type":"ReadAction","target":["https:\/\/www.sweetestsaffron.co.uk\/de\/produkt\/lifecell-lip-plumping-treatment-mit-maxi-lip-5ml\/"]}]},{"@type":"ImageObject","inLanguage":"de","@id":"https:\/\/www.sweetestsaffron.co.uk\/de\/produkt\/lifecell-lip-plumping-treatment-mit-maxi-lip-5ml\/#primaryimage","url":"https:\/\/www.sweetestsaffron.co.uk\/wp-content\/uploads\/2022\/06\/LifeCell-Lip-Plumping-Treatment-featuring-Maxi-Lip\u2122.jpg","contentUrl":"https:\/\/www.sweetestsaffron.co.uk\/wp-content\/uploads\/2022\/06\/LifeCell-Lip-Plumping-Treatment-featuring-Maxi-Lip\u2122.jpg","width":800,"height":800,"caption":"LifeCell Lip Plumping Treatment"},{"@type":"BreadcrumbList","@id":"https:\/\/www.sweetestsaffron.co.uk\/de\/produkt\/lifecell-lip-plumping-treatment-mit-maxi-lip-5ml\/#breadcrumb","itemListElement":[{"@type":"ListItem","position":1,"name":"Home","item":"https:\/\/www.sweetestsaffron.co.uk\/de\/"},{"@type":"ListItem","position":2,"name":"Shop","item":"https:\/\/www.sweetestsaffron.co.uk\/de\/shop-2\/"},{"@type":"ListItem","position":3,"name":"LifeCell Lip Plumping Treatment mit Maxi Lip\u2122 &#8211; 5ml"}]},{"@type":"WebSite","@id":"https:\/\/www.sweetestsaffron.co.uk\/de\/#website","url":"https:\/\/www.sweetestsaffron.co.uk\/de\/","name":"SweetestSaffron","description":"Skincare,, Health Supplements &amp; HYPO21","potentialAction":[{"@type":"SearchAction","target":{"@type":"EntryPoint","urlTemplate":"https:\/\/www.sweetestsaffron.co.uk\/de\/?s={search_term_string}"},"query-input":{"@type":"PropertyValueSpecification","valueRequired":true,"valueName":"search_term_string"}}],"inLanguage":"de"}]}},"_links":{"self":[{"href":"https:\/\/www.sweetestsaffron.co.uk\/de\/wp-json\/wp\/v2\/product\/1161","targetHints":{"allow":["GET"]}}],"collection":[{"href":"https:\/\/www.sweetestsaffron.co.uk\/de\/wp-json\/wp\/v2\/product"}],"about":[{"href":"https:\/\/www.sweetestsaffron.co.uk\/de\/wp-json\/wp\/v2\/types\/product"}],"replies":[{"embeddable":true,"href":"https:\/\/www.sweetestsaffron.co.uk\/de\/wp-json\/wp\/v2\/comments?post=1161"}],"wp:featuredmedia":[{"embeddable":true,"href":"https:\/\/www.sweetestsaffron.co.uk\/de\/wp-json\/wp\/v2\/media\/792"}],"wp:attachment":[{"href":"https:\/\/www.sweetestsaffron.co.uk\/de\/wp-json\/wp\/v2\/media?parent=1161"}],"wp:term":[{"taxonomy":"product_brand","embeddable":true,"href":"https:\/\/www.sweetestsaffron.co.uk\/de\/wp-json\/wp\/v2\/product_brand?post=1161"},{"taxonomy":"product_cat","embeddable":true,"href":"https:\/\/www.sweetestsaffron.co.uk\/de\/wp-json\/wp\/v2\/product_cat?post=1161"},{"taxonomy":"product_tag","embeddable":true,"href":"https:\/\/www.sweetestsaffron.co.uk\/de\/wp-json\/wp\/v2\/product_tag?post=1161"}],"curies":[{"name":"wp","href":"https:\/\/api.w.org\/{rel}","templated":true}]}}