{"id":1180,"date":"2022-06-09T16:43:06","date_gmt":"2022-06-09T15:43:06","guid":{"rendered":"https:\/\/www.sweetestsaffron.co.uk\/product\/lifecell-reinigende-maske-75ml\/"},"modified":"2023-06-03T20:20:14","modified_gmt":"2023-06-03T19:20:14","slug":"lebenszellen-reinigende-maske-75m","status":"publish","type":"product","link":"https:\/\/www.sweetestsaffron.co.uk\/de\/produkt\/lebenszellen-reinigende-maske-75m\/","title":{"rendered":"LifeCell Reinigende Maske &#8211; 75ml"},"content":{"rendered":"<p><strong>Was es ist:<\/strong><\/p>\n<p>Diese reichhaltige Tonerdemaske l\u00e4sst die Haut sp\u00fcrbar strahlen und gl\u00e4nzen. Es wirkt durch ein sanftes Peeling, das die Klarheit und Elastizit\u00e4t der Haut f\u00f6rdert, indem es den Zellumsatz anregt. Gl\u00e4ttet und revitalisiert das Aussehen Ihrer Haut, indem es Unreinheiten entfernt und die Haut mit \u00e4therischen \u00d6len beruhigt. Sorgt f\u00fcr ein strafferes Hautbild und engere Poren und verleiht der Haut ein jugendlicheres Aussehen.<\/p>\n<ul>\n<li>Argan\u00f6l<\/li>\n<li>Eukalyptus\u00f6l<\/li>\n<li>Gr\u00fcner Tee<\/li>\n<li>S\u00fc\u00dfholzwurzel-Extrakt<\/li>\n<li>Kamille<\/li>\n<\/ul>\n<p><strong>Was es OHNE formuliert ist:<\/strong><\/p>\n<ul>\n<li>Parabene<\/li>\n<li>Sulfate<\/li>\n<li>Phthalate<\/li>\n<\/ul>\n","protected":false},"excerpt":{"rendered":"<p>Was es ist: Diese reichhaltige Tonerdemaske l\u00e4sst die Haut sp\u00fcrbar strahlen und gl\u00e4nzen. Es wirkt durch ein sanftes Peeling, das die Klarheit und Elastizit\u00e4t der Haut f\u00f6rdert, indem es den Zellumsatz anregt. Gl\u00e4ttet und revitalisiert das Aussehen Ihrer Haut, indem es Unreinheiten entfernt und die Haut mit \u00e4therischen \u00d6len beruhigt. Sorgt f\u00fcr ein strafferes Hautbild [&hellip;]<\/p>\n","protected":false},"featured_media":798,"comment_status":"open","ping_status":"closed","template":"","meta":{"_acf_changed":false},"product_brand":[],"product_cat":[38],"product_tag":[],"class_list":{"0":"post-1180","1":"product","2":"type-product","3":"status-publish","4":"has-post-thumbnail","6":"product_cat-hautpflege","8":"first","9":"outofstock","10":"shipping-taxable","11":"purchasable","12":"product-type-simple"},"acf":[],"yoast_head":"<!-- This site is optimized with the Yoast SEO plugin v26.7 - https:\/\/yoast.com\/wordpress\/plugins\/seo\/ -->\n<title>LifeCell Reinigende Maske - 75ml - SweetestSaffron<\/title>\n<meta name=\"description\" content=\"LifeCell Purifying Mask in 75ml zu kaufen bei SweetestSaffron. Wir bieten KOSTENLOSE Lieferung f\u00fcr alle Bestellungen in Gro\u00dfbritannien.\" \/>\n<meta name=\"robots\" content=\"index, follow, max-snippet:-1, max-image-preview:large, max-video-preview:-1\" \/>\n<link rel=\"canonical\" href=\"https:\/\/www.sweetestsaffron.co.uk\/de\/produkt\/lebenszellen-reinigende-maske-75m\/\" \/>\n<meta property=\"og:locale\" content=\"de_DE\" \/>\n<meta property=\"og:type\" content=\"article\" \/>\n<meta property=\"og:title\" content=\"LifeCell Reinigende Maske - 75ml - SweetestSaffron\" \/>\n<meta property=\"og:description\" content=\"LifeCell Purifying Mask in 75ml zu kaufen bei SweetestSaffron. Wir bieten KOSTENLOSE Lieferung f\u00fcr alle Bestellungen in Gro\u00dfbritannien.\" \/>\n<meta property=\"og:url\" content=\"https:\/\/www.sweetestsaffron.co.uk\/de\/produkt\/lebenszellen-reinigende-maske-75m\/\" \/>\n<meta property=\"og:site_name\" content=\"SweetestSaffron\" \/>\n<meta property=\"article:modified_time\" content=\"2023-06-03T19:20:14+00:00\" \/>\n<meta property=\"og:image\" content=\"https:\/\/www.sweetestsaffron.co.uk\/wp-content\/uploads\/2022\/06\/LifeCell-Purifying-Mask.jpg\" \/>\n\t<meta property=\"og:image:width\" content=\"800\" \/>\n\t<meta property=\"og:image:height\" content=\"800\" \/>\n\t<meta property=\"og:image:type\" content=\"image\/jpeg\" \/>\n<meta name=\"twitter:card\" content=\"summary_large_image\" \/>\n<script type=\"application\/ld+json\" class=\"yoast-schema-graph\">{\"@context\":\"https:\/\/schema.org\",\"@graph\":[{\"@type\":\"WebPage\",\"@id\":\"https:\/\/www.sweetestsaffron.co.uk\/de\/produkt\/lebenszellen-reinigende-maske-75m\/\",\"url\":\"https:\/\/www.sweetestsaffron.co.uk\/de\/produkt\/lebenszellen-reinigende-maske-75m\/\",\"name\":\"LifeCell Reinigende Maske - 75ml - SweetestSaffron\",\"isPartOf\":{\"@id\":\"https:\/\/www.sweetestsaffron.co.uk\/de\/#website\"},\"primaryImageOfPage\":{\"@id\":\"https:\/\/www.sweetestsaffron.co.uk\/de\/produkt\/lebenszellen-reinigende-maske-75m\/#primaryimage\"},\"image\":{\"@id\":\"https:\/\/www.sweetestsaffron.co.uk\/de\/produkt\/lebenszellen-reinigende-maske-75m\/#primaryimage\"},\"thumbnailUrl\":\"https:\/\/www.sweetestsaffron.co.uk\/wp-content\/uploads\/2022\/06\/LifeCell-Purifying-Mask.jpg\",\"datePublished\":\"2022-06-09T15:43:06+00:00\",\"dateModified\":\"2023-06-03T19:20:14+00:00\",\"description\":\"LifeCell Purifying Mask in 75ml zu kaufen bei SweetestSaffron. Wir bieten KOSTENLOSE Lieferung f\u00fcr alle Bestellungen in Gro\u00dfbritannien.\",\"breadcrumb\":{\"@id\":\"https:\/\/www.sweetestsaffron.co.uk\/de\/produkt\/lebenszellen-reinigende-maske-75m\/#breadcrumb\"},\"inLanguage\":\"de\",\"potentialAction\":[{\"@type\":\"ReadAction\",\"target\":[\"https:\/\/www.sweetestsaffron.co.uk\/de\/produkt\/lebenszellen-reinigende-maske-75m\/\"]}]},{\"@type\":\"ImageObject\",\"inLanguage\":\"de\",\"@id\":\"https:\/\/www.sweetestsaffron.co.uk\/de\/produkt\/lebenszellen-reinigende-maske-75m\/#primaryimage\",\"url\":\"https:\/\/www.sweetestsaffron.co.uk\/wp-content\/uploads\/2022\/06\/LifeCell-Purifying-Mask.jpg\",\"contentUrl\":\"https:\/\/www.sweetestsaffron.co.uk\/wp-content\/uploads\/2022\/06\/LifeCell-Purifying-Mask.jpg\",\"width\":800,\"height\":800},{\"@type\":\"BreadcrumbList\",\"@id\":\"https:\/\/www.sweetestsaffron.co.uk\/de\/produkt\/lebenszellen-reinigende-maske-75m\/#breadcrumb\",\"itemListElement\":[{\"@type\":\"ListItem\",\"position\":1,\"name\":\"Home\",\"item\":\"https:\/\/www.sweetestsaffron.co.uk\/de\/\"},{\"@type\":\"ListItem\",\"position\":2,\"name\":\"Shop\",\"item\":\"https:\/\/www.sweetestsaffron.co.uk\/de\/shop-2\/\"},{\"@type\":\"ListItem\",\"position\":3,\"name\":\"LifeCell Reinigende Maske &#8211; 75ml\"}]},{\"@type\":\"WebSite\",\"@id\":\"https:\/\/www.sweetestsaffron.co.uk\/de\/#website\",\"url\":\"https:\/\/www.sweetestsaffron.co.uk\/de\/\",\"name\":\"SweetestSaffron\",\"description\":\"Skincare,, Health Supplements &amp; HYPO21\",\"potentialAction\":[{\"@type\":\"SearchAction\",\"target\":{\"@type\":\"EntryPoint\",\"urlTemplate\":\"https:\/\/www.sweetestsaffron.co.uk\/de\/?s={search_term_string}\"},\"query-input\":{\"@type\":\"PropertyValueSpecification\",\"valueRequired\":true,\"valueName\":\"search_term_string\"}}],\"inLanguage\":\"de\"}]}<\/script>\n<!-- \/ Yoast SEO plugin. -->","yoast_head_json":{"title":"LifeCell Reinigende Maske - 75ml - SweetestSaffron","description":"LifeCell Purifying Mask in 75ml zu kaufen bei SweetestSaffron. Wir bieten KOSTENLOSE Lieferung f\u00fcr alle Bestellungen in Gro\u00dfbritannien.","robots":{"index":"index","follow":"follow","max-snippet":"max-snippet:-1","max-image-preview":"max-image-preview:large","max-video-preview":"max-video-preview:-1"},"canonical":"https:\/\/www.sweetestsaffron.co.uk\/de\/produkt\/lebenszellen-reinigende-maske-75m\/","og_locale":"de_DE","og_type":"article","og_title":"LifeCell Reinigende Maske - 75ml - SweetestSaffron","og_description":"LifeCell Purifying Mask in 75ml zu kaufen bei SweetestSaffron. Wir bieten KOSTENLOSE Lieferung f\u00fcr alle Bestellungen in Gro\u00dfbritannien.","og_url":"https:\/\/www.sweetestsaffron.co.uk\/de\/produkt\/lebenszellen-reinigende-maske-75m\/","og_site_name":"SweetestSaffron","article_modified_time":"2023-06-03T19:20:14+00:00","og_image":[{"width":800,"height":800,"url":"https:\/\/www.sweetestsaffron.co.uk\/wp-content\/uploads\/2022\/06\/LifeCell-Purifying-Mask.jpg","type":"image\/jpeg"}],"twitter_card":"summary_large_image","schema":{"@context":"https:\/\/schema.org","@graph":[{"@type":"WebPage","@id":"https:\/\/www.sweetestsaffron.co.uk\/de\/produkt\/lebenszellen-reinigende-maske-75m\/","url":"https:\/\/www.sweetestsaffron.co.uk\/de\/produkt\/lebenszellen-reinigende-maske-75m\/","name":"LifeCell Reinigende Maske - 75ml - SweetestSaffron","isPartOf":{"@id":"https:\/\/www.sweetestsaffron.co.uk\/de\/#website"},"primaryImageOfPage":{"@id":"https:\/\/www.sweetestsaffron.co.uk\/de\/produkt\/lebenszellen-reinigende-maske-75m\/#primaryimage"},"image":{"@id":"https:\/\/www.sweetestsaffron.co.uk\/de\/produkt\/lebenszellen-reinigende-maske-75m\/#primaryimage"},"thumbnailUrl":"https:\/\/www.sweetestsaffron.co.uk\/wp-content\/uploads\/2022\/06\/LifeCell-Purifying-Mask.jpg","datePublished":"2022-06-09T15:43:06+00:00","dateModified":"2023-06-03T19:20:14+00:00","description":"LifeCell Purifying Mask in 75ml zu kaufen bei SweetestSaffron. Wir bieten KOSTENLOSE Lieferung f\u00fcr alle Bestellungen in Gro\u00dfbritannien.","breadcrumb":{"@id":"https:\/\/www.sweetestsaffron.co.uk\/de\/produkt\/lebenszellen-reinigende-maske-75m\/#breadcrumb"},"inLanguage":"de","potentialAction":[{"@type":"ReadAction","target":["https:\/\/www.sweetestsaffron.co.uk\/de\/produkt\/lebenszellen-reinigende-maske-75m\/"]}]},{"@type":"ImageObject","inLanguage":"de","@id":"https:\/\/www.sweetestsaffron.co.uk\/de\/produkt\/lebenszellen-reinigende-maske-75m\/#primaryimage","url":"https:\/\/www.sweetestsaffron.co.uk\/wp-content\/uploads\/2022\/06\/LifeCell-Purifying-Mask.jpg","contentUrl":"https:\/\/www.sweetestsaffron.co.uk\/wp-content\/uploads\/2022\/06\/LifeCell-Purifying-Mask.jpg","width":800,"height":800},{"@type":"BreadcrumbList","@id":"https:\/\/www.sweetestsaffron.co.uk\/de\/produkt\/lebenszellen-reinigende-maske-75m\/#breadcrumb","itemListElement":[{"@type":"ListItem","position":1,"name":"Home","item":"https:\/\/www.sweetestsaffron.co.uk\/de\/"},{"@type":"ListItem","position":2,"name":"Shop","item":"https:\/\/www.sweetestsaffron.co.uk\/de\/shop-2\/"},{"@type":"ListItem","position":3,"name":"LifeCell Reinigende Maske &#8211; 75ml"}]},{"@type":"WebSite","@id":"https:\/\/www.sweetestsaffron.co.uk\/de\/#website","url":"https:\/\/www.sweetestsaffron.co.uk\/de\/","name":"SweetestSaffron","description":"Skincare,, Health Supplements &amp; HYPO21","potentialAction":[{"@type":"SearchAction","target":{"@type":"EntryPoint","urlTemplate":"https:\/\/www.sweetestsaffron.co.uk\/de\/?s={search_term_string}"},"query-input":{"@type":"PropertyValueSpecification","valueRequired":true,"valueName":"search_term_string"}}],"inLanguage":"de"}]}},"_links":{"self":[{"href":"https:\/\/www.sweetestsaffron.co.uk\/de\/wp-json\/wp\/v2\/product\/1180","targetHints":{"allow":["GET"]}}],"collection":[{"href":"https:\/\/www.sweetestsaffron.co.uk\/de\/wp-json\/wp\/v2\/product"}],"about":[{"href":"https:\/\/www.sweetestsaffron.co.uk\/de\/wp-json\/wp\/v2\/types\/product"}],"replies":[{"embeddable":true,"href":"https:\/\/www.sweetestsaffron.co.uk\/de\/wp-json\/wp\/v2\/comments?post=1180"}],"wp:featuredmedia":[{"embeddable":true,"href":"https:\/\/www.sweetestsaffron.co.uk\/de\/wp-json\/wp\/v2\/media\/798"}],"wp:attachment":[{"href":"https:\/\/www.sweetestsaffron.co.uk\/de\/wp-json\/wp\/v2\/media?parent=1180"}],"wp:term":[{"taxonomy":"product_brand","embeddable":true,"href":"https:\/\/www.sweetestsaffron.co.uk\/de\/wp-json\/wp\/v2\/product_brand?post=1180"},{"taxonomy":"product_cat","embeddable":true,"href":"https:\/\/www.sweetestsaffron.co.uk\/de\/wp-json\/wp\/v2\/product_cat?post=1180"},{"taxonomy":"product_tag","embeddable":true,"href":"https:\/\/www.sweetestsaffron.co.uk\/de\/wp-json\/wp\/v2\/product_tag?post=1180"}],"curies":[{"name":"wp","href":"https:\/\/api.w.org\/{rel}","templated":true}]}}