{"id":1167,"date":"2022-06-09T16:35:34","date_gmt":"2022-06-09T15:35:34","guid":{"rendered":"https:\/\/www.sweetestsaffron.co.uk\/product\/traitement-repulpant-pour-les-levres-lifecell-avec-maxi-lip-5ml\/"},"modified":"2022-12-07T16:22:07","modified_gmt":"2022-12-07T16:22:07","slug":"traitement-repulpant-pour-les-levres-lifecell-avec-maxi-lip-5ml","status":"publish","type":"product","link":"https:\/\/www.sweetestsaffron.co.uk\/fr\/produit\/traitement-repulpant-pour-les-levres-lifecell-avec-maxi-lip-5ml\/","title":{"rendered":"Traitement repulpant pour les l\u00e8vres LifeCell avec Maxi Lip\u2122 &#8211; 5ml"},"content":{"rendered":"<p><strong>Ce que c&rsquo;est :<\/strong><\/p>\n<p>Le traitement repulpant pour les l\u00e8vres LifeCell est un traitement non irritant con\u00e7u pour repulper vos l\u00e8vres et lisser les rides et les ridules. L&rsquo;ingr\u00e9dient vedette de notre traitement repulpant pour les l\u00e8vres est le complexe peptidique brevet\u00e9 Maxi Lip\u2122.<\/p>\n<p>MaxiLip contient des peptides qui imitent des parties des prot\u00e9ines de la matrice extracellulaire (MEC). Le peptide GHK est un fragment de la mol\u00e9cule de collag\u00e8ne de type 1 et est cens\u00e9 servir d&rsquo;indicateur biologique d&rsquo;une d\u00e9gradation accrue de la matrice cutan\u00e9e. Lorsque les principales cellules productrices de la matrice cutan\u00e9e (fibroblastes) d\u00e9tectent des niveaux accrus de GHK, elles \u00ab\u00a0supposent\u00a0\u00bb que la matrice cutan\u00e9e se perd \u00e0 un rythme plus \u00e9lev\u00e9 et commencent \u00e0 la synth\u00e9tiser plus vigoureusement. Cela d\u00e9clenche la synth\u00e8se de nouveau collag\u00e8ne et contribue \u00e0 renforcer et \u00e0 lisser les cellules de la peau.<\/p>\n<p>MaxiLip augmente topiquement l&rsquo;oxyg\u00e8ne dans la peau, augmentant ainsi le flux sanguin dans la zone, ce qui entra\u00eene des l\u00e8vres plus pulpeuses temporairement et un effet durable lorsqu&rsquo;il est utilis\u00e9 r\u00e9guli\u00e8rement. La peau a besoin d&rsquo;oxyg\u00e8ne pour contribuer \u00e0 la production de collag\u00e8ne, d&rsquo;\u00e9lastine et d&rsquo;autres \u00e9l\u00e9ments n\u00e9cessaires \u00e0 une peau saine. Avec l&rsquo;\u00e2ge, la circulation dans nos capillaires se d\u00e9t\u00e9riore, ce qui r\u00e9duit le niveau d&rsquo;oxyg\u00e8ne et de nutriments atteignant les cellules de notre peau.<\/p>\n<p>Sans parfum et sans parangon.<br \/>\nHypoallerg\u00e9nique.<br \/>\nConvient \u00e0 tous les types de peau.<\/p>\n","protected":false},"excerpt":{"rendered":"<p><strong>Pourquoi vos l\u00e8vres ont besoin d&rsquo;un traitement repulpant :<\/strong><\/p>\n<p>Les injections de repulpage des l\u00e8vres peuvent causer des ravages sur vos l\u00e8vres en termes de gonflement, d&rsquo;inflammation et, dans certains cas, de r\u00e9action allergique. Le traitement repulpant pour les l\u00e8vres LifeCell agit par voie topique pour am\u00e9liorer le volume, la pl\u00e9nitude et la texture des l\u00e8vres gr\u00e2ce \u00e0 sa solution peptidique brevet\u00e9e, Maxi Lip\u2122.<\/p>\n","protected":false},"featured_media":791,"comment_status":"open","ping_status":"closed","template":"","meta":{"_acf_changed":false},"product_brand":[],"product_cat":[39],"product_tag":[],"class_list":{"0":"post-1167","1":"product","2":"type-product","3":"status-publish","4":"has-post-thumbnail","6":"product_cat-soins-de-la-peau","8":"first","9":"instock","10":"shipping-taxable","11":"purchasable","12":"product-type-simple"},"acf":[],"yoast_head":"<!-- This site is optimized with the Yoast SEO plugin v26.7 - https:\/\/yoast.com\/wordpress\/plugins\/seo\/ -->\n<title>Traitement repulpant pour les l\u00e8vres LifeCell avec Maxi Lip\u2122 - SweetestSaffron<\/title>\n<meta name=\"description\" content=\"Achetez le traitement repulpant pour les l\u00e8vres LifeCell avec Maxi Lip\u2122 pour des l\u00e8vres pleines et rehauss\u00e9es. Disponible \u00e0 l&#039;achat chez SweetestSaffron.\" \/>\n<meta name=\"robots\" content=\"index, follow, max-snippet:-1, max-image-preview:large, max-video-preview:-1\" \/>\n<link rel=\"canonical\" href=\"https:\/\/www.sweetestsaffron.co.uk\/fr\/produit\/traitement-repulpant-pour-les-levres-lifecell-avec-maxi-lip-5ml\/\" \/>\n<meta property=\"og:locale\" content=\"fr_FR\" \/>\n<meta property=\"og:type\" content=\"article\" \/>\n<meta property=\"og:title\" content=\"Traitement repulpant pour les l\u00e8vres LifeCell avec Maxi Lip\u2122 - SweetestSaffron\" \/>\n<meta property=\"og:description\" content=\"Achetez le traitement repulpant pour les l\u00e8vres LifeCell avec Maxi Lip\u2122 pour des l\u00e8vres pleines et rehauss\u00e9es. Disponible \u00e0 l&#039;achat chez SweetestSaffron.\" \/>\n<meta property=\"og:url\" content=\"https:\/\/www.sweetestsaffron.co.uk\/fr\/produit\/traitement-repulpant-pour-les-levres-lifecell-avec-maxi-lip-5ml\/\" \/>\n<meta property=\"og:site_name\" content=\"SweetestSaffron\" \/>\n<meta property=\"article:modified_time\" content=\"2022-12-07T16:22:07+00:00\" \/>\n<meta property=\"og:image\" content=\"https:\/\/www.sweetestsaffron.co.uk\/wp-content\/uploads\/2022\/06\/LifeCell-Lip-Plumping-Treatment-featuring-Maxi-Lip\u2122.jpg\" \/>\n\t<meta property=\"og:image:width\" content=\"800\" \/>\n\t<meta property=\"og:image:height\" content=\"800\" \/>\n\t<meta property=\"og:image:type\" content=\"image\/jpeg\" \/>\n<meta name=\"twitter:card\" content=\"summary_large_image\" \/>\n<meta name=\"twitter:label1\" content=\"Dur\u00e9e de lecture estim\u00e9e\" \/>\n\t<meta name=\"twitter:data1\" content=\"1 minute\" \/>\n<script type=\"application\/ld+json\" class=\"yoast-schema-graph\">{\"@context\":\"https:\/\/schema.org\",\"@graph\":[{\"@type\":\"WebPage\",\"@id\":\"https:\/\/www.sweetestsaffron.co.uk\/fr\/produit\/traitement-repulpant-pour-les-levres-lifecell-avec-maxi-lip-5ml\/\",\"url\":\"https:\/\/www.sweetestsaffron.co.uk\/fr\/produit\/traitement-repulpant-pour-les-levres-lifecell-avec-maxi-lip-5ml\/\",\"name\":\"Traitement repulpant pour les l\u00e8vres LifeCell avec Maxi Lip\u2122 - SweetestSaffron\",\"isPartOf\":{\"@id\":\"https:\/\/www.sweetestsaffron.co.uk\/fr\/#website\"},\"primaryImageOfPage\":{\"@id\":\"https:\/\/www.sweetestsaffron.co.uk\/fr\/produit\/traitement-repulpant-pour-les-levres-lifecell-avec-maxi-lip-5ml\/#primaryimage\"},\"image\":{\"@id\":\"https:\/\/www.sweetestsaffron.co.uk\/fr\/produit\/traitement-repulpant-pour-les-levres-lifecell-avec-maxi-lip-5ml\/#primaryimage\"},\"thumbnailUrl\":\"https:\/\/www.sweetestsaffron.co.uk\/wp-content\/uploads\/2022\/06\/LifeCell-Lip-Plumping-Treatment-featuring-Maxi-Lip\u2122.jpg\",\"datePublished\":\"2022-06-09T15:35:34+00:00\",\"dateModified\":\"2022-12-07T16:22:07+00:00\",\"description\":\"Achetez le traitement repulpant pour les l\u00e8vres LifeCell avec Maxi Lip\u2122 pour des l\u00e8vres pleines et rehauss\u00e9es. Disponible \u00e0 l'achat chez SweetestSaffron.\",\"breadcrumb\":{\"@id\":\"https:\/\/www.sweetestsaffron.co.uk\/fr\/produit\/traitement-repulpant-pour-les-levres-lifecell-avec-maxi-lip-5ml\/#breadcrumb\"},\"inLanguage\":\"fr-FR\",\"potentialAction\":[{\"@type\":\"ReadAction\",\"target\":[\"https:\/\/www.sweetestsaffron.co.uk\/fr\/produit\/traitement-repulpant-pour-les-levres-lifecell-avec-maxi-lip-5ml\/\"]}]},{\"@type\":\"ImageObject\",\"inLanguage\":\"fr-FR\",\"@id\":\"https:\/\/www.sweetestsaffron.co.uk\/fr\/produit\/traitement-repulpant-pour-les-levres-lifecell-avec-maxi-lip-5ml\/#primaryimage\",\"url\":\"https:\/\/www.sweetestsaffron.co.uk\/wp-content\/uploads\/2022\/06\/LifeCell-Lip-Plumping-Treatment-featuring-Maxi-Lip\u2122.jpg\",\"contentUrl\":\"https:\/\/www.sweetestsaffron.co.uk\/wp-content\/uploads\/2022\/06\/LifeCell-Lip-Plumping-Treatment-featuring-Maxi-Lip\u2122.jpg\",\"width\":800,\"height\":800,\"caption\":\"LifeCell Lip Plumping Treatment\"},{\"@type\":\"BreadcrumbList\",\"@id\":\"https:\/\/www.sweetestsaffron.co.uk\/fr\/produit\/traitement-repulpant-pour-les-levres-lifecell-avec-maxi-lip-5ml\/#breadcrumb\",\"itemListElement\":[{\"@type\":\"ListItem\",\"position\":1,\"name\":\"Home\",\"item\":\"https:\/\/www.sweetestsaffron.co.uk\/fr\/\"},{\"@type\":\"ListItem\",\"position\":2,\"name\":\"Boutique\",\"item\":\"https:\/\/www.sweetestsaffron.co.uk\/fr\/boutique\/\"},{\"@type\":\"ListItem\",\"position\":3,\"name\":\"Traitement repulpant pour les l\u00e8vres LifeCell avec Maxi Lip\u2122 &#8211; 5ml\"}]},{\"@type\":\"WebSite\",\"@id\":\"https:\/\/www.sweetestsaffron.co.uk\/fr\/#website\",\"url\":\"https:\/\/www.sweetestsaffron.co.uk\/fr\/\",\"name\":\"SweetestSaffron\",\"description\":\"Skincare,, Health Supplements &amp; HYPO21\",\"potentialAction\":[{\"@type\":\"SearchAction\",\"target\":{\"@type\":\"EntryPoint\",\"urlTemplate\":\"https:\/\/www.sweetestsaffron.co.uk\/fr\/?s={search_term_string}\"},\"query-input\":{\"@type\":\"PropertyValueSpecification\",\"valueRequired\":true,\"valueName\":\"search_term_string\"}}],\"inLanguage\":\"fr-FR\"}]}<\/script>\n<!-- \/ Yoast SEO plugin. -->","yoast_head_json":{"title":"Traitement repulpant pour les l\u00e8vres LifeCell avec Maxi Lip\u2122 - SweetestSaffron","description":"Achetez le traitement repulpant pour les l\u00e8vres LifeCell avec Maxi Lip\u2122 pour des l\u00e8vres pleines et rehauss\u00e9es. Disponible \u00e0 l'achat chez SweetestSaffron.","robots":{"index":"index","follow":"follow","max-snippet":"max-snippet:-1","max-image-preview":"max-image-preview:large","max-video-preview":"max-video-preview:-1"},"canonical":"https:\/\/www.sweetestsaffron.co.uk\/fr\/produit\/traitement-repulpant-pour-les-levres-lifecell-avec-maxi-lip-5ml\/","og_locale":"fr_FR","og_type":"article","og_title":"Traitement repulpant pour les l\u00e8vres LifeCell avec Maxi Lip\u2122 - SweetestSaffron","og_description":"Achetez le traitement repulpant pour les l\u00e8vres LifeCell avec Maxi Lip\u2122 pour des l\u00e8vres pleines et rehauss\u00e9es. Disponible \u00e0 l'achat chez SweetestSaffron.","og_url":"https:\/\/www.sweetestsaffron.co.uk\/fr\/produit\/traitement-repulpant-pour-les-levres-lifecell-avec-maxi-lip-5ml\/","og_site_name":"SweetestSaffron","article_modified_time":"2022-12-07T16:22:07+00:00","og_image":[{"width":800,"height":800,"url":"https:\/\/www.sweetestsaffron.co.uk\/wp-content\/uploads\/2022\/06\/LifeCell-Lip-Plumping-Treatment-featuring-Maxi-Lip\u2122.jpg","type":"image\/jpeg"}],"twitter_card":"summary_large_image","twitter_misc":{"Dur\u00e9e de lecture estim\u00e9e":"1 minute"},"schema":{"@context":"https:\/\/schema.org","@graph":[{"@type":"WebPage","@id":"https:\/\/www.sweetestsaffron.co.uk\/fr\/produit\/traitement-repulpant-pour-les-levres-lifecell-avec-maxi-lip-5ml\/","url":"https:\/\/www.sweetestsaffron.co.uk\/fr\/produit\/traitement-repulpant-pour-les-levres-lifecell-avec-maxi-lip-5ml\/","name":"Traitement repulpant pour les l\u00e8vres LifeCell avec Maxi Lip\u2122 - SweetestSaffron","isPartOf":{"@id":"https:\/\/www.sweetestsaffron.co.uk\/fr\/#website"},"primaryImageOfPage":{"@id":"https:\/\/www.sweetestsaffron.co.uk\/fr\/produit\/traitement-repulpant-pour-les-levres-lifecell-avec-maxi-lip-5ml\/#primaryimage"},"image":{"@id":"https:\/\/www.sweetestsaffron.co.uk\/fr\/produit\/traitement-repulpant-pour-les-levres-lifecell-avec-maxi-lip-5ml\/#primaryimage"},"thumbnailUrl":"https:\/\/www.sweetestsaffron.co.uk\/wp-content\/uploads\/2022\/06\/LifeCell-Lip-Plumping-Treatment-featuring-Maxi-Lip\u2122.jpg","datePublished":"2022-06-09T15:35:34+00:00","dateModified":"2022-12-07T16:22:07+00:00","description":"Achetez le traitement repulpant pour les l\u00e8vres LifeCell avec Maxi Lip\u2122 pour des l\u00e8vres pleines et rehauss\u00e9es. Disponible \u00e0 l'achat chez SweetestSaffron.","breadcrumb":{"@id":"https:\/\/www.sweetestsaffron.co.uk\/fr\/produit\/traitement-repulpant-pour-les-levres-lifecell-avec-maxi-lip-5ml\/#breadcrumb"},"inLanguage":"fr-FR","potentialAction":[{"@type":"ReadAction","target":["https:\/\/www.sweetestsaffron.co.uk\/fr\/produit\/traitement-repulpant-pour-les-levres-lifecell-avec-maxi-lip-5ml\/"]}]},{"@type":"ImageObject","inLanguage":"fr-FR","@id":"https:\/\/www.sweetestsaffron.co.uk\/fr\/produit\/traitement-repulpant-pour-les-levres-lifecell-avec-maxi-lip-5ml\/#primaryimage","url":"https:\/\/www.sweetestsaffron.co.uk\/wp-content\/uploads\/2022\/06\/LifeCell-Lip-Plumping-Treatment-featuring-Maxi-Lip\u2122.jpg","contentUrl":"https:\/\/www.sweetestsaffron.co.uk\/wp-content\/uploads\/2022\/06\/LifeCell-Lip-Plumping-Treatment-featuring-Maxi-Lip\u2122.jpg","width":800,"height":800,"caption":"LifeCell Lip Plumping Treatment"},{"@type":"BreadcrumbList","@id":"https:\/\/www.sweetestsaffron.co.uk\/fr\/produit\/traitement-repulpant-pour-les-levres-lifecell-avec-maxi-lip-5ml\/#breadcrumb","itemListElement":[{"@type":"ListItem","position":1,"name":"Home","item":"https:\/\/www.sweetestsaffron.co.uk\/fr\/"},{"@type":"ListItem","position":2,"name":"Boutique","item":"https:\/\/www.sweetestsaffron.co.uk\/fr\/boutique\/"},{"@type":"ListItem","position":3,"name":"Traitement repulpant pour les l\u00e8vres LifeCell avec Maxi Lip\u2122 &#8211; 5ml"}]},{"@type":"WebSite","@id":"https:\/\/www.sweetestsaffron.co.uk\/fr\/#website","url":"https:\/\/www.sweetestsaffron.co.uk\/fr\/","name":"SweetestSaffron","description":"Skincare,, Health Supplements &amp; HYPO21","potentialAction":[{"@type":"SearchAction","target":{"@type":"EntryPoint","urlTemplate":"https:\/\/www.sweetestsaffron.co.uk\/fr\/?s={search_term_string}"},"query-input":{"@type":"PropertyValueSpecification","valueRequired":true,"valueName":"search_term_string"}}],"inLanguage":"fr-FR"}]}},"_links":{"self":[{"href":"https:\/\/www.sweetestsaffron.co.uk\/fr\/wp-json\/wp\/v2\/product\/1167","targetHints":{"allow":["GET"]}}],"collection":[{"href":"https:\/\/www.sweetestsaffron.co.uk\/fr\/wp-json\/wp\/v2\/product"}],"about":[{"href":"https:\/\/www.sweetestsaffron.co.uk\/fr\/wp-json\/wp\/v2\/types\/product"}],"replies":[{"embeddable":true,"href":"https:\/\/www.sweetestsaffron.co.uk\/fr\/wp-json\/wp\/v2\/comments?post=1167"}],"wp:featuredmedia":[{"embeddable":true,"href":"https:\/\/www.sweetestsaffron.co.uk\/fr\/wp-json\/wp\/v2\/media\/791"}],"wp:attachment":[{"href":"https:\/\/www.sweetestsaffron.co.uk\/fr\/wp-json\/wp\/v2\/media?parent=1167"}],"wp:term":[{"taxonomy":"product_brand","embeddable":true,"href":"https:\/\/www.sweetestsaffron.co.uk\/fr\/wp-json\/wp\/v2\/product_brand?post=1167"},{"taxonomy":"product_cat","embeddable":true,"href":"https:\/\/www.sweetestsaffron.co.uk\/fr\/wp-json\/wp\/v2\/product_cat?post=1167"},{"taxonomy":"product_tag","embeddable":true,"href":"https:\/\/www.sweetestsaffron.co.uk\/fr\/wp-json\/wp\/v2\/product_tag?post=1167"}],"curies":[{"name":"wp","href":"https:\/\/api.w.org\/{rel}","templated":true}]}}